{"id":3087,"date":"2020-07-06T09:29:26","date_gmt":"2020-07-06T09:29:26","guid":{"rendered":"http:\/\/www.lojameraki.pt\/?post_type=product&#038;p=3087"},"modified":"2022-01-10T15:18:14","modified_gmt":"2022-01-10T15:18:14","slug":"merino-lace-0891","status":"publish","type":"product","link":"https:\/\/www.lojameraki.pt\/novo\/product\/merino-lace-0891\/","title":{"rendered":"Merino Lace 0891"},"content":{"rendered":"<p>Merino Lace 0891<\/p>\n<p>Composi\u00e7\u00e3o:\u00a0 57% L\u00e3; 23% Poliamida; 20% Mohair<\/p>\n<p>Peso: 50 gramas<\/p>\n<p>Comprimento: 400 metros\u00a0 | lace<\/p>\n<p>Agulhas: 5 mm<\/p>\n<p>Amostra: 22 malhas por 26 carreiras\u00a0 \u00a0(10 cm x 10 cm )<\/p>\n<p>lav\u00e1vel \u00e0 m\u00e3o<\/p>\n","protected":false},"excerpt":{"rendered":"<p>Merino Lace 0891 Composi\u00e7\u00e3o:\u00a0 57% L\u00e3; 23% Poliamida; 20% Mohair Peso: 50 gramas Comprimento: 400 metros\u00a0 | lace Agulhas: 5 mm Amostra: 22 malhas por 26 carreiras\u00a0 \u00a0(10 cm x 10 cm ) lav\u00e1vel \u00e0 m\u00e3o<\/p>\n","protected":false},"featured_media":3079,"template":"","meta":{"_et_pb_use_builder":"","_et_pb_old_content":"","_et_gb_content_width":""},"product_brand":[],"product_cat":[22,23,20,70,86,21,157,75,76,92],"product_tag":[],"class_list":{"0":"post-3087","1":"product","2":"type-product","3":"status-publish","4":"has-post-thumbnail","6":"product_cat-composicao","7":"product_cat-espessura","8":"product_cat-fios","9":"product_cat-la","10":"product_cat-lace","11":"product_cat-marcas","12":"product_cat-merino-lace","13":"product_cat-mohair","14":"product_cat-poliamida-nylon","15":"product_cat-schoppel-wolle-marcas","17":"first","18":"instock","19":"shipping-taxable","20":"purchasable","21":"product-type-simple"},"_links":{"self":[{"href":"https:\/\/www.lojameraki.pt\/novo\/wp-json\/wp\/v2\/product\/3087","targetHints":{"allow":["GET"]}}],"collection":[{"href":"https:\/\/www.lojameraki.pt\/novo\/wp-json\/wp\/v2\/product"}],"about":[{"href":"https:\/\/www.lojameraki.pt\/novo\/wp-json\/wp\/v2\/types\/product"}],"wp:featuredmedia":[{"embeddable":true,"href":"https:\/\/www.lojameraki.pt\/novo\/wp-json\/wp\/v2\/media\/3079"}],"wp:attachment":[{"href":"https:\/\/www.lojameraki.pt\/novo\/wp-json\/wp\/v2\/media?parent=3087"}],"wp:term":[{"taxonomy":"product_brand","embeddable":true,"href":"https:\/\/www.lojameraki.pt\/novo\/wp-json\/wp\/v2\/product_brand?post=3087"},{"taxonomy":"product_cat","embeddable":true,"href":"https:\/\/www.lojameraki.pt\/novo\/wp-json\/wp\/v2\/product_cat?post=3087"},{"taxonomy":"product_tag","embeddable":true,"href":"https:\/\/www.lojameraki.pt\/novo\/wp-json\/wp\/v2\/product_tag?post=3087"}],"curies":[{"name":"wp","href":"https:\/\/api.w.org\/{rel}","templated":true}]}}