{"id":3132,"date":"2020-07-14T17:15:45","date_gmt":"2020-07-14T17:15:45","guid":{"rendered":"http:\/\/www.lojameraki.pt\/?post_type=product&#038;p=3132"},"modified":"2025-12-09T15:52:12","modified_gmt":"2025-12-09T15:52:12","slug":"cordao-de-algodao-n5-cru","status":"publish","type":"product","link":"https:\/\/www.lojameraki.pt\/novo\/product\/cordao-de-algodao-n5-cru\/","title":{"rendered":"Cord\u00e3o de algod\u00e3o n5 &#8211;  cru"},"content":{"rendered":"<p>cord\u00e3o de algod\u00e3o n5 &#8211; 5mm<\/p>\n<p>vende-se ao metro ( se pretender 2 metros, adicione\u00a0 2 unidades)<\/p>\n<p>&nbsp;<\/p>\n","protected":false},"excerpt":{"rendered":"<p>cord\u00e3o de algod\u00e3o n5 &#8211; 5mm vende-se ao metro ( se pretender 2 metros, adicione\u00a0 2 unidades) &nbsp;<\/p>\n","protected":false},"featured_media":3133,"template":"","meta":{"_et_pb_use_builder":"","_et_pb_old_content":"","_et_gb_content_width":""},"product_brand":[],"product_cat":[91],"product_tag":[54],"class_list":{"0":"post-3132","1":"product","2":"type-product","3":"status-publish","4":"has-post-thumbnail","6":"product_cat-macrame","7":"product_tag-macrame","9":"first","10":"instock","11":"shipping-taxable","12":"purchasable","13":"product-type-simple"},"_links":{"self":[{"href":"https:\/\/www.lojameraki.pt\/novo\/wp-json\/wp\/v2\/product\/3132","targetHints":{"allow":["GET"]}}],"collection":[{"href":"https:\/\/www.lojameraki.pt\/novo\/wp-json\/wp\/v2\/product"}],"about":[{"href":"https:\/\/www.lojameraki.pt\/novo\/wp-json\/wp\/v2\/types\/product"}],"wp:featuredmedia":[{"embeddable":true,"href":"https:\/\/www.lojameraki.pt\/novo\/wp-json\/wp\/v2\/media\/3133"}],"wp:attachment":[{"href":"https:\/\/www.lojameraki.pt\/novo\/wp-json\/wp\/v2\/media?parent=3132"}],"wp:term":[{"taxonomy":"product_brand","embeddable":true,"href":"https:\/\/www.lojameraki.pt\/novo\/wp-json\/wp\/v2\/product_brand?post=3132"},{"taxonomy":"product_cat","embeddable":true,"href":"https:\/\/www.lojameraki.pt\/novo\/wp-json\/wp\/v2\/product_cat?post=3132"},{"taxonomy":"product_tag","embeddable":true,"href":"https:\/\/www.lojameraki.pt\/novo\/wp-json\/wp\/v2\/product_tag?post=3132"}],"curies":[{"name":"wp","href":"https:\/\/api.w.org\/{rel}","templated":true}]}}