{"id":3148,"date":"2020-07-20T17:12:50","date_gmt":"2020-07-20T17:12:50","guid":{"rendered":"http:\/\/www.lojameraki.pt\/?post_type=product&#038;p=3148"},"modified":"2023-10-09T10:07:05","modified_gmt":"2023-10-09T10:07:05","slug":"aro-metalico-para-caca-sonhos-20cm","status":"publish","type":"product","link":"https:\/\/www.lojameraki.pt\/novo\/product\/aro-metalico-para-caca-sonhos-20cm\/","title":{"rendered":"Aro met\u00e1lico para ca\u00e7a sonhos &#8211; 20cm"},"content":{"rendered":"<p>Aro met\u00e1lico para ca\u00e7a sonhos &#8211; 20cm<\/p>\n","protected":false},"excerpt":{"rendered":"<p>Aro met\u00e1lico para ca\u00e7a sonhos &#8211; 20cm<\/p>\n","protected":false},"featured_media":3150,"template":"","meta":{"_et_pb_use_builder":"","_et_pb_old_content":"","_et_gb_content_width":""},"product_brand":[],"product_cat":[187,228,15,450],"product_tag":[],"class_list":{"0":"post-3148","1":"product","2":"type-product","3":"status-publish","4":"has-post-thumbnail","6":"product_cat-acessorios","7":"product_cat-outros-retrosaria","8":"product_cat-retrosaria","9":"product_cat-tecelagem-e-macrame","11":"first","12":"instock","13":"shipping-taxable","14":"purchasable","15":"product-type-simple"},"_links":{"self":[{"href":"https:\/\/www.lojameraki.pt\/novo\/wp-json\/wp\/v2\/product\/3148","targetHints":{"allow":["GET"]}}],"collection":[{"href":"https:\/\/www.lojameraki.pt\/novo\/wp-json\/wp\/v2\/product"}],"about":[{"href":"https:\/\/www.lojameraki.pt\/novo\/wp-json\/wp\/v2\/types\/product"}],"wp:featuredmedia":[{"embeddable":true,"href":"https:\/\/www.lojameraki.pt\/novo\/wp-json\/wp\/v2\/media\/3150"}],"wp:attachment":[{"href":"https:\/\/www.lojameraki.pt\/novo\/wp-json\/wp\/v2\/media?parent=3148"}],"wp:term":[{"taxonomy":"product_brand","embeddable":true,"href":"https:\/\/www.lojameraki.pt\/novo\/wp-json\/wp\/v2\/product_brand?post=3148"},{"taxonomy":"product_cat","embeddable":true,"href":"https:\/\/www.lojameraki.pt\/novo\/wp-json\/wp\/v2\/product_cat?post=3148"},{"taxonomy":"product_tag","embeddable":true,"href":"https:\/\/www.lojameraki.pt\/novo\/wp-json\/wp\/v2\/product_tag?post=3148"}],"curies":[{"name":"wp","href":"https:\/\/api.w.org\/{rel}","templated":true}]}}