{"id":3178,"date":"2020-08-03T16:41:59","date_gmt":"2020-08-03T16:41:59","guid":{"rendered":"http:\/\/www.lojameraki.pt\/?post_type=product&#038;p=3178"},"modified":"2025-02-19T15:04:39","modified_gmt":"2025-02-19T15:04:39","slug":"marvila-107-rosa","status":"publish","type":"product","link":"https:\/\/www.lojameraki.pt\/novo\/product\/marvila-107-rosa\/","title":{"rendered":"Marvila  107 rosa"},"content":{"rendered":"<p>Alfama 107<\/p>\n<p>Composi\u00e7\u00e3o: 100% Linho<\/p>\n<p>Peso: 50 gramas<\/p>\n<p>Comprimento: 125 metros\u00a0 | Sport<\/p>\n<p>Agulhas: 3.50- 4 mm<\/p>\n<p>Amostra: 24 malhas por 29 carreiras\u00a0 \u00a0(10 cm x 10 cm )<\/p>\n<p>lav\u00e1vel \u00e0 m\u00e3o<\/p>\n","protected":false},"excerpt":{"rendered":"<p>Promo\u00e7\u00e3o limitada ao stock existente<\/p>\n","protected":false},"featured_media":3179,"template":"","meta":{"_et_pb_use_builder":"","_et_pb_old_content":"","_et_gb_content_width":""},"product_brand":[],"product_cat":[22,23,20,79,21,288,26,95,110],"product_tag":[],"class_list":{"0":"post-3178","1":"product","2":"type-product","3":"status-publish","4":"has-post-thumbnail","6":"product_cat-composicao","7":"product_cat-espessura","8":"product_cat-fios","9":"product_cat-linho","10":"product_cat-marcas","11":"product_cat-marvila","12":"product_cat-primavera-verao","13":"product_cat-rosarios-4-marcas","14":"product_cat-sport","16":"first","17":"outofstock","18":"shipping-taxable","19":"purchasable","20":"product-type-simple"},"_links":{"self":[{"href":"https:\/\/www.lojameraki.pt\/novo\/wp-json\/wp\/v2\/product\/3178","targetHints":{"allow":["GET"]}}],"collection":[{"href":"https:\/\/www.lojameraki.pt\/novo\/wp-json\/wp\/v2\/product"}],"about":[{"href":"https:\/\/www.lojameraki.pt\/novo\/wp-json\/wp\/v2\/types\/product"}],"wp:featuredmedia":[{"embeddable":true,"href":"https:\/\/www.lojameraki.pt\/novo\/wp-json\/wp\/v2\/media\/3179"}],"wp:attachment":[{"href":"https:\/\/www.lojameraki.pt\/novo\/wp-json\/wp\/v2\/media?parent=3178"}],"wp:term":[{"taxonomy":"product_brand","embeddable":true,"href":"https:\/\/www.lojameraki.pt\/novo\/wp-json\/wp\/v2\/product_brand?post=3178"},{"taxonomy":"product_cat","embeddable":true,"href":"https:\/\/www.lojameraki.pt\/novo\/wp-json\/wp\/v2\/product_cat?post=3178"},{"taxonomy":"product_tag","embeddable":true,"href":"https:\/\/www.lojameraki.pt\/novo\/wp-json\/wp\/v2\/product_tag?post=3178"}],"curies":[{"name":"wp","href":"https:\/\/api.w.org\/{rel}","templated":true}]}}