{"id":3189,"date":"2020-08-04T10:39:26","date_gmt":"2020-08-04T10:39:26","guid":{"rendered":"http:\/\/www.lojameraki.pt\/?post_type=product&#038;p=3189"},"modified":"2023-09-01T00:00:08","modified_gmt":"2023-09-01T00:00:08","slug":"secret-garden-733","status":"publish","type":"product","link":"https:\/\/www.lojameraki.pt\/novo\/product\/secret-garden-733\/","title":{"rendered":"Secret Garden 733"},"content":{"rendered":"<p>Secret Garden 733 &#8211; whisteria arch<\/p>\n<p>Composi\u00e7\u00e3o:\u00a0 20%\u00a0 Seda; 20% Algod\u00e3o; 60%Poli\u00e9ster<\/p>\n<p>Peso: 50 gramas<\/p>\n<p>Comprimento: 93 metros\u00a0 | DK<\/p>\n<p>Agulhas: 4 mm<\/p>\n<p>Amostra: 18 malhas\u00a0 por 23 carreiras (10 cm x 10 cm )<\/p>\n<p>Lav\u00e1vel \u00e0 m\u00e3o<\/p>\n","protected":false},"excerpt":{"rendered":"<p>Secret Garden 733 &#8211; whisteria arch Composi\u00e7\u00e3o:\u00a0 20%\u00a0 Seda; 20% Algod\u00e3o; 60%Poli\u00e9ster Peso: 50 gramas Comprimento: 93 metros\u00a0 | DK Agulhas: 4 mm Amostra: 18 malhas\u00a0 por 23 carreiras (10 cm x 10 cm ) Lav\u00e1vel \u00e0 m\u00e3o<\/p>\n","protected":false},"featured_media":3190,"template":"","meta":{"_et_pb_use_builder":"","_et_pb_old_content":"","_et_gb_content_width":""},"product_brand":[],"product_cat":[77,22,88,23,20,21,85,102,174,74],"product_tag":[],"class_list":{"0":"post-3189","1":"product","2":"type-product","3":"status-publish","4":"has-post-thumbnail","6":"product_cat-algodao","7":"product_cat-composicao","8":"product_cat-dk","9":"product_cat-espessura","10":"product_cat-fios","11":"product_cat-marcas","12":"product_cat-poliester","13":"product_cat-scheepjes-marcas","14":"product_cat-secret-garden","15":"product_cat-seda","17":"first","18":"instock","19":"shipping-taxable","20":"purchasable","21":"product-type-simple"},"_links":{"self":[{"href":"https:\/\/www.lojameraki.pt\/novo\/wp-json\/wp\/v2\/product\/3189","targetHints":{"allow":["GET"]}}],"collection":[{"href":"https:\/\/www.lojameraki.pt\/novo\/wp-json\/wp\/v2\/product"}],"about":[{"href":"https:\/\/www.lojameraki.pt\/novo\/wp-json\/wp\/v2\/types\/product"}],"wp:featuredmedia":[{"embeddable":true,"href":"https:\/\/www.lojameraki.pt\/novo\/wp-json\/wp\/v2\/media\/3190"}],"wp:attachment":[{"href":"https:\/\/www.lojameraki.pt\/novo\/wp-json\/wp\/v2\/media?parent=3189"}],"wp:term":[{"taxonomy":"product_brand","embeddable":true,"href":"https:\/\/www.lojameraki.pt\/novo\/wp-json\/wp\/v2\/product_brand?post=3189"},{"taxonomy":"product_cat","embeddable":true,"href":"https:\/\/www.lojameraki.pt\/novo\/wp-json\/wp\/v2\/product_cat?post=3189"},{"taxonomy":"product_tag","embeddable":true,"href":"https:\/\/www.lojameraki.pt\/novo\/wp-json\/wp\/v2\/product_tag?post=3189"}],"curies":[{"name":"wp","href":"https:\/\/api.w.org\/{rel}","templated":true}]}}