{"id":3310,"date":"2020-09-03T11:16:37","date_gmt":"2020-09-03T11:16:37","guid":{"rendered":"http:\/\/www.lojameraki.pt\/?post_type=product&#038;p=3310"},"modified":"2024-09-20T14:21:23","modified_gmt":"2024-09-20T14:21:23","slug":"bravo-quick-easy-branco","status":"publish","type":"product","link":"https:\/\/www.lojameraki.pt\/novo\/product\/bravo-quick-easy-branco\/","title":{"rendered":"Bravo  Quick &#038; Easy branco"},"content":{"rendered":"<p>Bravo Quick &amp; Easy branco\u00a0 08224<\/p>\n<p>Composi\u00e7\u00e3o:\u00a0 100%\u00a0 acrilico<\/p>\n<p>Peso: 100 gramas<\/p>\n<p>Comprimento: 165 metros\u00a0 | Aran<\/p>\n<p>Agulhas: 5 &#8211; 6 mm<\/p>\n<p>Amostra: 15 malhas por 20 carreiras\u00a0 (10 x 10 cm)<\/p>\n<p>Lavar \u00e0 m\u00e1quina at\u00e9 40\u00ba<\/p>\n","protected":false},"excerpt":{"rendered":"<p>Bravo Quick &amp; Easy, &#8211; para projetos f\u00e1ceis e r\u00e1pidos de realizar. \u00c9 perfeito para\u00a0iniciantes e n\u00e3o s\u00f3.<\/p>\n<p>De f\u00e1cill cuidado e resistente &#8211; 100% poliacr\u00edlico.<br \/>\nDispon\u00edvel numa paleta de cores neutras e de moda.<br \/>\nIdeal para acess\u00f3rios e roupa, bem como para decora\u00e7\u00e3o do lar \u2013 mantas e almofadas.<\/p>\n<p>&nbsp;<\/p>\n","protected":false},"featured_media":3322,"template":"","meta":{"_et_pb_use_builder":"","_et_pb_old_content":"","_et_gb_content_width":""},"product_brand":[],"product_cat":[82,112,300,22,23,20,21,109],"product_tag":[],"class_list":{"0":"post-3310","1":"product","2":"type-product","3":"status-publish","4":"has-post-thumbnail","6":"product_cat-acrilico","7":"product_cat-aran","8":"product_cat-bravo-quickeasy","9":"product_cat-composicao","10":"product_cat-espessura","11":"product_cat-fios","12":"product_cat-marcas","13":"product_cat-schachenmayr-marcas","15":"first","16":"instock","17":"shipping-taxable","18":"purchasable","19":"product-type-simple"},"_links":{"self":[{"href":"https:\/\/www.lojameraki.pt\/novo\/wp-json\/wp\/v2\/product\/3310","targetHints":{"allow":["GET"]}}],"collection":[{"href":"https:\/\/www.lojameraki.pt\/novo\/wp-json\/wp\/v2\/product"}],"about":[{"href":"https:\/\/www.lojameraki.pt\/novo\/wp-json\/wp\/v2\/types\/product"}],"wp:featuredmedia":[{"embeddable":true,"href":"https:\/\/www.lojameraki.pt\/novo\/wp-json\/wp\/v2\/media\/3322"}],"wp:attachment":[{"href":"https:\/\/www.lojameraki.pt\/novo\/wp-json\/wp\/v2\/media?parent=3310"}],"wp:term":[{"taxonomy":"product_brand","embeddable":true,"href":"https:\/\/www.lojameraki.pt\/novo\/wp-json\/wp\/v2\/product_brand?post=3310"},{"taxonomy":"product_cat","embeddable":true,"href":"https:\/\/www.lojameraki.pt\/novo\/wp-json\/wp\/v2\/product_cat?post=3310"},{"taxonomy":"product_tag","embeddable":true,"href":"https:\/\/www.lojameraki.pt\/novo\/wp-json\/wp\/v2\/product_tag?post=3310"}],"curies":[{"name":"wp","href":"https:\/\/api.w.org\/{rel}","templated":true}]}}