{"id":3408,"date":"2020-10-27T17:44:10","date_gmt":"2020-10-27T17:44:10","guid":{"rendered":"http:\/\/www.lojameraki.pt\/?post_type=product&#038;p=3408"},"modified":"2025-11-19T15:36:15","modified_gmt":"2025-11-19T15:36:15","slug":"regia-parfait-09137","status":"publish","type":"product","link":"https:\/\/www.lojameraki.pt\/novo\/product\/regia-parfait-09137\/","title":{"rendered":"Regia Parfait &#8211; 07132"},"content":{"rendered":"<p>Regia Parfait &#8211; 07132<\/p>\n<p>Composi\u00e7\u00e3o: 75% L\u00e3 ; 25% Poliamida<\/p>\n<p>Peso: 100 gramas<\/p>\n<p>Comprimento: 420 metros | Fingering<\/p>\n<p>Agulhas: 2 &#8211; 3 mm<\/p>\n<p>Amostra: 30 malhas por 42 carreiras (10 cm x 10 cm)<\/p>\n<p>lav\u00e1vel \u00e0 m\u00e1quina 40\u00ba<\/p>\n","protected":false},"excerpt":{"rendered":"<p>Regia Parfait &#8211; 07132 Composi\u00e7\u00e3o: 75% L\u00e3 ; 25% Poliamida Peso: 100 gramas Comprimento: 420 metros | Fingering Agulhas: 2 &#8211; 3 mm Amostra: 30 malhas por 42 carreiras (10 cm x 10 cm) lav\u00e1vel \u00e0 m\u00e1quina 40\u00ba<\/p>\n","protected":false},"featured_media":4583,"template":"","meta":{"_et_pb_use_builder":"","_et_pb_old_content":"","_et_gb_content_width":""},"product_brand":[],"product_cat":[22,23,87,20,70,21,25,76,260,108],"product_tag":[],"class_list":{"0":"post-3408","1":"product","2":"type-product","3":"status-publish","4":"has-post-thumbnail","6":"product_cat-composicao","7":"product_cat-espessura","8":"product_cat-fingering","9":"product_cat-fios","10":"product_cat-la","11":"product_cat-marcas","12":"product_cat-meias","13":"product_cat-poliamida-nylon","14":"product_cat-regia-pairfect","15":"product_cat-regia-marcas","17":"first","18":"instock","19":"shipping-taxable","20":"purchasable","21":"product-type-simple"},"_links":{"self":[{"href":"https:\/\/www.lojameraki.pt\/novo\/wp-json\/wp\/v2\/product\/3408","targetHints":{"allow":["GET"]}}],"collection":[{"href":"https:\/\/www.lojameraki.pt\/novo\/wp-json\/wp\/v2\/product"}],"about":[{"href":"https:\/\/www.lojameraki.pt\/novo\/wp-json\/wp\/v2\/types\/product"}],"wp:featuredmedia":[{"embeddable":true,"href":"https:\/\/www.lojameraki.pt\/novo\/wp-json\/wp\/v2\/media\/4583"}],"wp:attachment":[{"href":"https:\/\/www.lojameraki.pt\/novo\/wp-json\/wp\/v2\/media?parent=3408"}],"wp:term":[{"taxonomy":"product_brand","embeddable":true,"href":"https:\/\/www.lojameraki.pt\/novo\/wp-json\/wp\/v2\/product_brand?post=3408"},{"taxonomy":"product_cat","embeddable":true,"href":"https:\/\/www.lojameraki.pt\/novo\/wp-json\/wp\/v2\/product_cat?post=3408"},{"taxonomy":"product_tag","embeddable":true,"href":"https:\/\/www.lojameraki.pt\/novo\/wp-json\/wp\/v2\/product_tag?post=3408"}],"curies":[{"name":"wp","href":"https:\/\/api.w.org\/{rel}","templated":true}]}}