{"id":3559,"date":"2020-11-26T15:16:06","date_gmt":"2020-11-26T15:16:06","guid":{"rendered":"http:\/\/www.lojameraki.pt\/?post_type=product&#038;p=3559"},"modified":"2022-01-26T18:20:36","modified_gmt":"2022-01-26T18:20:36","slug":"meilenweit-tweed-110","status":"publish","type":"product","link":"https:\/\/www.lojameraki.pt\/novo\/product\/meilenweit-tweed-110\/","title":{"rendered":"Meilenweit Tweed 110"},"content":{"rendered":"<p>Meilenweit Tweed 110<\/p>\n<p>Composi\u00e7\u00e3o: 75% L\u00e3 virgem;\u00a0 25% Poliamida<\/p>\n<p>Peso: 100 gramas<\/p>\n<p>Comprimento: 420 metros | Fingering<\/p>\n<p>Agulhas: 2,5mm &#8211;\u00a0 3 mm<\/p>\n<p>Amostra: 28 malhas por 40 carreiras\u00a0 (10 cm)<\/p>\n<p>lav\u00e1vel \u00e0 m\u00e1quina<\/p>\n","protected":false},"excerpt":{"rendered":"<p>Meilenweit Tweed 110 Composi\u00e7\u00e3o: 75% L\u00e3 virgem;\u00a0 25% Poliamida Peso: 100 gramas Comprimento: 420 metros | Fingering Agulhas: 2,5mm &#8211;\u00a0 3 mm Amostra: 28 malhas por 40 carreiras\u00a0 (10 cm) lav\u00e1vel \u00e0 m\u00e1quina<\/p>\n","protected":false},"featured_media":3560,"template":"","meta":{"_et_pb_use_builder":"","_et_pb_old_content":"","_et_gb_content_width":""},"product_brand":[],"product_cat":[22,23,87,20,70,271,21,25,310,76],"product_tag":[],"class_list":{"0":"post-3559","1":"product","2":"type-product","3":"status-publish","4":"has-post-thumbnail","6":"product_cat-composicao","7":"product_cat-espessura","8":"product_cat-fingering","9":"product_cat-fios","10":"product_cat-la","11":"product_cat-lana-grossa","12":"product_cat-marcas","13":"product_cat-meias","14":"product_cat-meilenweit","15":"product_cat-poliamida-nylon","17":"first","18":"instock","19":"shipping-taxable","20":"purchasable","21":"product-type-simple"},"_links":{"self":[{"href":"https:\/\/www.lojameraki.pt\/novo\/wp-json\/wp\/v2\/product\/3559","targetHints":{"allow":["GET"]}}],"collection":[{"href":"https:\/\/www.lojameraki.pt\/novo\/wp-json\/wp\/v2\/product"}],"about":[{"href":"https:\/\/www.lojameraki.pt\/novo\/wp-json\/wp\/v2\/types\/product"}],"wp:featuredmedia":[{"embeddable":true,"href":"https:\/\/www.lojameraki.pt\/novo\/wp-json\/wp\/v2\/media\/3560"}],"wp:attachment":[{"href":"https:\/\/www.lojameraki.pt\/novo\/wp-json\/wp\/v2\/media?parent=3559"}],"wp:term":[{"taxonomy":"product_brand","embeddable":true,"href":"https:\/\/www.lojameraki.pt\/novo\/wp-json\/wp\/v2\/product_brand?post=3559"},{"taxonomy":"product_cat","embeddable":true,"href":"https:\/\/www.lojameraki.pt\/novo\/wp-json\/wp\/v2\/product_cat?post=3559"},{"taxonomy":"product_tag","embeddable":true,"href":"https:\/\/www.lojameraki.pt\/novo\/wp-json\/wp\/v2\/product_tag?post=3559"}],"curies":[{"name":"wp","href":"https:\/\/api.w.org\/{rel}","templated":true}]}}