{"id":3599,"date":"2020-12-11T11:59:32","date_gmt":"2020-12-11T11:59:32","guid":{"rendered":"http:\/\/www.lojameraki.pt\/?post_type=product&#038;p=3599"},"modified":"2025-01-07T11:19:56","modified_gmt":"2025-01-07T11:19:56","slug":"regia-premium-alpaca-soft-cinza","status":"publish","type":"product","link":"https:\/\/www.lojameraki.pt\/novo\/product\/regia-premium-alpaca-soft-cinza\/","title":{"rendered":"Regia Premium &#8211; Alpaca Soft cinza"},"content":{"rendered":"<p>Regia Premium &#8211; Alpaca Soft cinza 090<\/p>\n<p>Composi\u00e7\u00e3o:\u00a0 62%\u00a0 l\u00e3; 23% poliamida; 15 % alpaca<\/p>\n<p>Peso: 100 gramas<\/p>\n<p>Comprimento: 400 metros\u00a0 | Fingering<\/p>\n<p>Agulhas: 2,5 &#8211; 3,5 mm<\/p>\n<p>Amostra: 24 malhas por 32 carreiras\u00a0 (10 x 10 cm)<\/p>\n<p>Lavar \u00e0 m\u00e1quina at\u00e9 30\u00ba<\/p>\n","protected":false},"excerpt":{"rendered":"<p>Regia Premium &#8211; Alpaca Soft cinza 090 Composi\u00e7\u00e3o:\u00a0 62%\u00a0 l\u00e3; 23% poliamida; 15 % alpaca Peso: 100 gramas Comprimento: 400 metros\u00a0 | Fingering Agulhas: 2,5 &#8211; 3,5 mm Amostra: 24 malhas por 32 carreiras\u00a0 (10 x 10 cm) Lavar \u00e0 m\u00e1quina at\u00e9 30\u00ba<\/p>\n","protected":false},"featured_media":3591,"template":"","meta":{"_et_pb_use_builder":"","_et_pb_old_content":"","_et_gb_content_width":""},"product_brand":[],"product_cat":[22,23,87,20,70,72,21,25,76,259,108],"product_tag":[],"class_list":{"0":"post-3599","1":"product","2":"type-product","3":"status-publish","4":"has-post-thumbnail","6":"product_cat-composicao","7":"product_cat-espessura","8":"product_cat-fingering","9":"product_cat-fios","10":"product_cat-la","11":"product_cat-la-alpaca","12":"product_cat-marcas","13":"product_cat-meias","14":"product_cat-poliamida-nylon","15":"product_cat-regia-premium","16":"product_cat-regia-marcas","18":"first","19":"instock","20":"shipping-taxable","21":"purchasable","22":"product-type-simple"},"_links":{"self":[{"href":"https:\/\/www.lojameraki.pt\/novo\/wp-json\/wp\/v2\/product\/3599","targetHints":{"allow":["GET"]}}],"collection":[{"href":"https:\/\/www.lojameraki.pt\/novo\/wp-json\/wp\/v2\/product"}],"about":[{"href":"https:\/\/www.lojameraki.pt\/novo\/wp-json\/wp\/v2\/types\/product"}],"wp:featuredmedia":[{"embeddable":true,"href":"https:\/\/www.lojameraki.pt\/novo\/wp-json\/wp\/v2\/media\/3591"}],"wp:attachment":[{"href":"https:\/\/www.lojameraki.pt\/novo\/wp-json\/wp\/v2\/media?parent=3599"}],"wp:term":[{"taxonomy":"product_brand","embeddable":true,"href":"https:\/\/www.lojameraki.pt\/novo\/wp-json\/wp\/v2\/product_brand?post=3599"},{"taxonomy":"product_cat","embeddable":true,"href":"https:\/\/www.lojameraki.pt\/novo\/wp-json\/wp\/v2\/product_cat?post=3599"},{"taxonomy":"product_tag","embeddable":true,"href":"https:\/\/www.lojameraki.pt\/novo\/wp-json\/wp\/v2\/product_tag?post=3599"}],"curies":[{"name":"wp","href":"https:\/\/api.w.org\/{rel}","templated":true}]}}