{"id":3805,"date":"2021-02-18T16:52:58","date_gmt":"2021-02-18T16:52:58","guid":{"rendered":"http:\/\/www.lojameraki.pt\/?post_type=product&#038;p=3805"},"modified":"2024-09-23T11:26:49","modified_gmt":"2024-09-23T11:26:49","slug":"aurora-33","status":"publish","type":"product","link":"https:\/\/www.lojameraki.pt\/novo\/product\/aurora-33\/","title":{"rendered":"Aurora 33"},"content":{"rendered":"<p>Aurora 33<\/p>\n<p>Composi\u00e7\u00e3o: 70% Mohair Kid; 30% Seda<\/p>\n<p>Peso: 25 gramas<\/p>\n<p>Comprimento: 210 metros |\u00a0 lace<\/p>\n<p>Agulhas: 3,5 &#8211; 4,5 mm<\/p>\n<p>Amostra: 23\u00a0 malhas por 30 carreiras\u00a0 \u00a0(10 cm)<\/p>\n<p>lav\u00e1vel \u00e0 m\u00e3o<\/p>\n","protected":false},"excerpt":{"rendered":"<p>Aurora 33 Composi\u00e7\u00e3o: 70% Mohair Kid; 30% Seda Peso: 25 gramas Comprimento: 210 metros |\u00a0 lace Agulhas: 3,5 &#8211; 4,5 mm Amostra: 23\u00a0 malhas por 30 carreiras\u00a0 \u00a0(10 cm) lav\u00e1vel \u00e0 m\u00e3o<\/p>\n","protected":false},"featured_media":3802,"template":"","meta":{"_et_pb_use_builder":"","_et_pb_old_content":"","_et_gb_content_width":""},"product_brand":[],"product_cat":[306,22,23,20,86,21,75,95,74],"product_tag":[],"class_list":{"0":"post-3805","1":"product","2":"type-product","3":"status-publish","4":"has-post-thumbnail","6":"product_cat-aurora","7":"product_cat-composicao","8":"product_cat-espessura","9":"product_cat-fios","10":"product_cat-lace","11":"product_cat-marcas","12":"product_cat-mohair","13":"product_cat-rosarios-4-marcas","14":"product_cat-seda","16":"first","17":"outofstock","18":"shipping-taxable","19":"purchasable","20":"product-type-simple"},"_links":{"self":[{"href":"https:\/\/www.lojameraki.pt\/novo\/wp-json\/wp\/v2\/product\/3805","targetHints":{"allow":["GET"]}}],"collection":[{"href":"https:\/\/www.lojameraki.pt\/novo\/wp-json\/wp\/v2\/product"}],"about":[{"href":"https:\/\/www.lojameraki.pt\/novo\/wp-json\/wp\/v2\/types\/product"}],"wp:featuredmedia":[{"embeddable":true,"href":"https:\/\/www.lojameraki.pt\/novo\/wp-json\/wp\/v2\/media\/3802"}],"wp:attachment":[{"href":"https:\/\/www.lojameraki.pt\/novo\/wp-json\/wp\/v2\/media?parent=3805"}],"wp:term":[{"taxonomy":"product_brand","embeddable":true,"href":"https:\/\/www.lojameraki.pt\/novo\/wp-json\/wp\/v2\/product_brand?post=3805"},{"taxonomy":"product_cat","embeddable":true,"href":"https:\/\/www.lojameraki.pt\/novo\/wp-json\/wp\/v2\/product_cat?post=3805"},{"taxonomy":"product_tag","embeddable":true,"href":"https:\/\/www.lojameraki.pt\/novo\/wp-json\/wp\/v2\/product_tag?post=3805"}],"curies":[{"name":"wp","href":"https:\/\/api.w.org\/{rel}","templated":true}]}}