{"id":3863,"date":"2021-02-23T22:14:55","date_gmt":"2021-02-23T22:14:55","guid":{"rendered":"http:\/\/www.lojameraki.pt\/?post_type=product&#038;p=3863"},"modified":"2026-03-28T11:30:41","modified_gmt":"2026-03-28T11:30:41","slug":"organic-cotton-410","status":"publish","type":"product","link":"https:\/\/www.lojameraki.pt\/novo\/product\/organic-cotton-410\/","title":{"rendered":"Organic Cotton 410"},"content":{"rendered":"<p>Organic Cotton 410 &#8211; Flamingo Pink<\/p>\n<p>Composi\u00e7\u00e3o:\u00a0 100%\u00a0 algod\u00e3o org\u00e2nico<\/p>\n<p>Peso: 50 gramas<\/p>\n<p>Comprimento: 125 metros\u00a0 |<\/p>\n<p>Agulhas: 3 &#8211; 3,5 mm<\/p>\n<p>Amostra: 21- 28 malhas por 34 &#8211; 34 carreiras\u00a0 (10 x 10 cm)<\/p>\n<p>Lavar \u00e0 m\u00e1quina at\u00e9 60\u00ba. N\u00e3o usar Lix\u00edvia.\u00a0N\u00e3o usar m\u00e1quina de secar.\u00a0Secar na horizontal.\u00a0Pode passar a ferro a alta temperatura.\u00a0Pode usar amaciador<\/p>\n","protected":false},"excerpt":{"rendered":"<p>Anchor Organic Cotton \u00e9 um fio de algod\u00e3o 100% certificado GOTS, criado para crafters com consci\u00eancia ambiental.<br \/>\nAnchor Organic Cotton \u00e9 um fio de 4 cabos, n\u00e3o mercerizado, resultando num fio com um toque naturalmente suave e um acabamento mate. Sem qu\u00edmicos e certificado Oeko-tex, \u00e9 especialmente seguro e suave em peles sens\u00edveis.<br \/>\nApresenta uma paleta de 20 cores inspiradas na natureza, criadas com corantes de origem vegetal. O algod\u00e3o org\u00e2nico Anchor \u00e9 adequado tanto para crochet como para tricotar<\/p>\n","protected":false},"featured_media":3837,"template":"","meta":{"_et_pb_use_builder":"","_et_pb_old_content":"","_et_gb_content_width":""},"product_brand":[],"product_cat":[77,247,22,23,20,113,21,316,26],"product_tag":[],"class_list":{"0":"post-3863","1":"product","2":"type-product","3":"status-publish","4":"has-post-thumbnail","6":"product_cat-algodao","7":"product_cat-anchor","8":"product_cat-composicao","9":"product_cat-espessura","10":"product_cat-fios","11":"product_cat-light-fingering","12":"product_cat-marcas","13":"product_cat-organic-cotton","14":"product_cat-primavera-verao","16":"first","17":"instock","18":"shipping-taxable","19":"purchasable","20":"product-type-simple"},"_links":{"self":[{"href":"https:\/\/www.lojameraki.pt\/novo\/wp-json\/wp\/v2\/product\/3863","targetHints":{"allow":["GET"]}}],"collection":[{"href":"https:\/\/www.lojameraki.pt\/novo\/wp-json\/wp\/v2\/product"}],"about":[{"href":"https:\/\/www.lojameraki.pt\/novo\/wp-json\/wp\/v2\/types\/product"}],"wp:featuredmedia":[{"embeddable":true,"href":"https:\/\/www.lojameraki.pt\/novo\/wp-json\/wp\/v2\/media\/3837"}],"wp:attachment":[{"href":"https:\/\/www.lojameraki.pt\/novo\/wp-json\/wp\/v2\/media?parent=3863"}],"wp:term":[{"taxonomy":"product_brand","embeddable":true,"href":"https:\/\/www.lojameraki.pt\/novo\/wp-json\/wp\/v2\/product_brand?post=3863"},{"taxonomy":"product_cat","embeddable":true,"href":"https:\/\/www.lojameraki.pt\/novo\/wp-json\/wp\/v2\/product_cat?post=3863"},{"taxonomy":"product_tag","embeddable":true,"href":"https:\/\/www.lojameraki.pt\/novo\/wp-json\/wp\/v2\/product_tag?post=3863"}],"curies":[{"name":"wp","href":"https:\/\/api.w.org\/{rel}","templated":true}]}}