{"id":3982,"date":"2021-04-05T18:03:02","date_gmt":"2021-04-05T18:03:02","guid":{"rendered":"http:\/\/www.lojameraki.pt\/?post_type=product&#038;p=3982"},"modified":"2025-03-20T16:40:48","modified_gmt":"2025-03-20T16:40:48","slug":"whirl-562","status":"publish","type":"product","link":"https:\/\/www.lojameraki.pt\/novo\/product\/whirl-562\/","title":{"rendered":"Whirl  754 Green Tea Tipple"},"content":{"rendered":"<p>Whirl 754 Green Tea Tipple<\/p>\n<p>Composi\u00e7\u00e3o:\u00a0 60%\u00a0 Algod\u00e3o; 40% Acr\u00edlico<\/p>\n<p>Peso: 215 &#8211; 225\u00a0 gramas<\/p>\n<p>Comprimento: 1000 metros\u00a0 |\u00a0 Fingering<\/p>\n<p>Agulhas: 3,5 &#8211; 4 mm<\/p>\n<p>Amostra: 25 malhas\u00a0 por 44 carreiras (10 cm x 10 cm )<\/p>\n<p>Lav\u00e1vel \u00e0 m\u00e1quina 40\u00ba<\/p>\n","protected":false},"excerpt":{"rendered":"<p>Whirl 754 Green Tea Tipple Composi\u00e7\u00e3o:\u00a0 60%\u00a0 Algod\u00e3o; 40% Acr\u00edlico Peso: 215 &#8211; 225\u00a0 gramas Comprimento: 1000 metros\u00a0 |\u00a0 Fingering Agulhas: 3,5 &#8211; 4 mm Amostra: 25 malhas\u00a0 por 44 carreiras (10 cm x 10 cm ) Lav\u00e1vel \u00e0 m\u00e1quina 40\u00ba<\/p>\n","protected":false},"featured_media":7214,"template":"","meta":{"_et_pb_use_builder":"","_et_pb_old_content":"","_et_gb_content_width":""},"product_brand":[],"product_cat":[82,77,22,23,87,20,21,26,102,176],"product_tag":[],"class_list":{"0":"post-3982","1":"product","2":"type-product","3":"status-publish","4":"has-post-thumbnail","6":"product_cat-acrilico","7":"product_cat-algodao","8":"product_cat-composicao","9":"product_cat-espessura","10":"product_cat-fingering","11":"product_cat-fios","12":"product_cat-marcas","13":"product_cat-primavera-verao","14":"product_cat-scheepjes-marcas","15":"product_cat-whirl","17":"first","18":"instock","19":"shipping-taxable","20":"purchasable","21":"product-type-simple"},"_links":{"self":[{"href":"https:\/\/www.lojameraki.pt\/novo\/wp-json\/wp\/v2\/product\/3982","targetHints":{"allow":["GET"]}}],"collection":[{"href":"https:\/\/www.lojameraki.pt\/novo\/wp-json\/wp\/v2\/product"}],"about":[{"href":"https:\/\/www.lojameraki.pt\/novo\/wp-json\/wp\/v2\/types\/product"}],"wp:featuredmedia":[{"embeddable":true,"href":"https:\/\/www.lojameraki.pt\/novo\/wp-json\/wp\/v2\/media\/7214"}],"wp:attachment":[{"href":"https:\/\/www.lojameraki.pt\/novo\/wp-json\/wp\/v2\/media?parent=3982"}],"wp:term":[{"taxonomy":"product_brand","embeddable":true,"href":"https:\/\/www.lojameraki.pt\/novo\/wp-json\/wp\/v2\/product_brand?post=3982"},{"taxonomy":"product_cat","embeddable":true,"href":"https:\/\/www.lojameraki.pt\/novo\/wp-json\/wp\/v2\/product_cat?post=3982"},{"taxonomy":"product_tag","embeddable":true,"href":"https:\/\/www.lojameraki.pt\/novo\/wp-json\/wp\/v2\/product_tag?post=3982"}],"curies":[{"name":"wp","href":"https:\/\/api.w.org\/{rel}","templated":true}]}}