{"id":4066,"date":"2021-05-05T15:06:14","date_gmt":"2021-05-05T15:06:14","guid":{"rendered":"http:\/\/www.lojameraki.pt\/?post_type=product&#038;p=4066"},"modified":"2022-09-01T00:01:06","modified_gmt":"2022-09-01T00:01:06","slug":"hor-organic-ink","status":"publish","type":"product","link":"https:\/\/www.lojameraki.pt\/novo\/product\/hor-organic-ink\/","title":{"rendered":"H\u00f8r Organic Ink"},"content":{"rendered":"<p>H\u00f8r Organic Ink<\/p>\n<p>Composi\u00e7\u00e3o: 100% linho org\u00e2nico<\/p>\n<p>Peso: 50 gramas<\/p>\n<p>Comprimento:178 metros | Sport<\/p>\n<p>Agulhas: 3mm &#8211;\u00a0 4 mm<\/p>\n<p>Amostra: 26 malhas por 34 carreiras\u00a0 (10 cm)<\/p>\n<p>Lavar a frio, secar em superf\u00edcie plana<\/p>\n","protected":false},"excerpt":{"rendered":"<p>H\u00f8r Organic Ink Composi\u00e7\u00e3o: 100% linho org\u00e2nico Peso: 50 gramas Comprimento:178 metros | Sport Agulhas: 3mm &#8211;\u00a0 4 mm Amostra: 26 malhas por 34 carreiras\u00a0 (10 cm) Lavar a frio, secar em superf\u00edcie plana<\/p>\n","protected":false},"featured_media":0,"template":"","meta":{"_et_pb_use_builder":"","_et_pb_old_content":"","_et_gb_content_width":""},"product_brand":[],"product_cat":[22,23,20,323,322,79,21,26,110],"product_tag":[],"class_list":{"0":"post-4066","1":"product","2":"type-product","3":"status-publish","5":"product_cat-composicao","6":"product_cat-espessura","7":"product_cat-fios","8":"product_cat-hor-organic","9":"product_cat-isager","10":"product_cat-linho","11":"product_cat-marcas","12":"product_cat-primavera-verao","13":"product_cat-sport","15":"first","16":"outofstock","17":"shipping-taxable","18":"purchasable","19":"product-type-simple"},"_links":{"self":[{"href":"https:\/\/www.lojameraki.pt\/novo\/wp-json\/wp\/v2\/product\/4066","targetHints":{"allow":["GET"]}}],"collection":[{"href":"https:\/\/www.lojameraki.pt\/novo\/wp-json\/wp\/v2\/product"}],"about":[{"href":"https:\/\/www.lojameraki.pt\/novo\/wp-json\/wp\/v2\/types\/product"}],"wp:attachment":[{"href":"https:\/\/www.lojameraki.pt\/novo\/wp-json\/wp\/v2\/media?parent=4066"}],"wp:term":[{"taxonomy":"product_brand","embeddable":true,"href":"https:\/\/www.lojameraki.pt\/novo\/wp-json\/wp\/v2\/product_brand?post=4066"},{"taxonomy":"product_cat","embeddable":true,"href":"https:\/\/www.lojameraki.pt\/novo\/wp-json\/wp\/v2\/product_cat?post=4066"},{"taxonomy":"product_tag","embeddable":true,"href":"https:\/\/www.lojameraki.pt\/novo\/wp-json\/wp\/v2\/product_tag?post=4066"}],"curies":[{"name":"wp","href":"https:\/\/api.w.org\/{rel}","templated":true}]}}