{"id":4255,"date":"2021-05-18T16:05:02","date_gmt":"2021-05-18T16:05:02","guid":{"rendered":"https:\/\/www.lojameraki.pt\/?post_type=product&#038;p=4255"},"modified":"2024-07-10T14:15:45","modified_gmt":"2024-07-10T14:15:45","slug":"nova-vita-4-122","status":"publish","type":"product","link":"https:\/\/www.lojameraki.pt\/novo\/product\/nova-vita-4-122\/","title":{"rendered":"Nova Vita 4 122"},"content":{"rendered":"<p>Nova Vita 4 122<\/p>\n<p>Composi\u00e7\u00e3o: 80% Algod\u00e3o reciclado;\u00a0 20% poli\u00e9ster<\/p>\n<p>Peso: 250 gramas<\/p>\n<p>Comprimento: 200 metros<\/p>\n<p>Agulhas: 4 mm &#8211;\u00a0 5 mm<\/p>\n<p>Amostra: 14 malhas por 23 carreiras\u00a0 (10 cm)<\/p>\n<p>lav\u00e1vel \u00e0 m\u00e1quina<\/p>\n","protected":false},"excerpt":{"rendered":"<p>Nova Vita 4 122 Composi\u00e7\u00e3o: 80% Algod\u00e3o reciclado;\u00a0 20% poli\u00e9ster Peso: 250 gramas Comprimento: 200 metros Agulhas: 4 mm &#8211;\u00a0 5 mm Amostra: 14 malhas por 23 carreiras\u00a0 (10 cm) lav\u00e1vel \u00e0 m\u00e1quina<\/p>\n","protected":false},"featured_media":4252,"template":"","meta":{"_et_pb_use_builder":"","_et_pb_old_content":"","_et_gb_content_width":""},"product_brand":[],"product_cat":[77,112,22,331,23,20,91,21,332,85],"product_tag":[],"class_list":{"0":"post-4255","1":"product","2":"type-product","3":"status-publish","4":"has-post-thumbnail","6":"product_cat-algodao","7":"product_cat-aran","8":"product_cat-composicao","9":"product_cat-dmc","10":"product_cat-espessura","11":"product_cat-fios","12":"product_cat-macrame","13":"product_cat-marcas","14":"product_cat-nova-vita-4","15":"product_cat-poliester","17":"first","18":"instock","19":"shipping-taxable","20":"purchasable","21":"product-type-simple"},"_links":{"self":[{"href":"https:\/\/www.lojameraki.pt\/novo\/wp-json\/wp\/v2\/product\/4255","targetHints":{"allow":["GET"]}}],"collection":[{"href":"https:\/\/www.lojameraki.pt\/novo\/wp-json\/wp\/v2\/product"}],"about":[{"href":"https:\/\/www.lojameraki.pt\/novo\/wp-json\/wp\/v2\/types\/product"}],"wp:featuredmedia":[{"embeddable":true,"href":"https:\/\/www.lojameraki.pt\/novo\/wp-json\/wp\/v2\/media\/4252"}],"wp:attachment":[{"href":"https:\/\/www.lojameraki.pt\/novo\/wp-json\/wp\/v2\/media?parent=4255"}],"wp:term":[{"taxonomy":"product_brand","embeddable":true,"href":"https:\/\/www.lojameraki.pt\/novo\/wp-json\/wp\/v2\/product_brand?post=4255"},{"taxonomy":"product_cat","embeddable":true,"href":"https:\/\/www.lojameraki.pt\/novo\/wp-json\/wp\/v2\/product_cat?post=4255"},{"taxonomy":"product_tag","embeddable":true,"href":"https:\/\/www.lojameraki.pt\/novo\/wp-json\/wp\/v2\/product_tag?post=4255"}],"curies":[{"name":"wp","href":"https:\/\/api.w.org\/{rel}","templated":true}]}}