{"id":4331,"date":"2021-05-28T14:47:10","date_gmt":"2021-05-28T14:47:10","guid":{"rendered":"https:\/\/www.lojameraki.pt\/?post_type=product&#038;p=4331"},"modified":"2023-07-25T11:36:13","modified_gmt":"2023-07-25T11:36:13","slug":"capri-82083","status":"publish","type":"product","link":"https:\/\/www.lojameraki.pt\/novo\/product\/capri-82083\/","title":{"rendered":"Capri 82083"},"content":{"rendered":"<p>Capri 82083<\/p>\n<p>Composi\u00e7\u00e3o:\u00a0 100% Algod\u00e3o mercerizado<\/p>\n<p>Peso: 50 gramas<\/p>\n<p>Comprimento: 125 metros\u00a0 | Sport<\/p>\n<p>Agulhas: 2,5- 3 mm<\/p>\n<p>Amostra: 26 malhas por 36 carreiras\u00a0 (10 x 10 cm)<\/p>\n<p>Lavar \u00e0 m\u00e1quina 30\u00ba<\/p>\n","protected":false},"excerpt":{"rendered":"<p>promo\u00e7\u00e3o limitada ao stock existente \u2013 sem\u00a0 reposi\u00e7\u00e3o nesta temporada ver\u00e3o 2021<\/p>\n","protected":false},"featured_media":4332,"template":"","meta":{"_et_pb_use_builder":"","_et_pb_old_content":"","_et_gb_content_width":""},"product_brand":[],"product_cat":[77,22,23,20,93,21,26,110],"product_tag":[],"class_list":{"0":"post-4331","1":"product","2":"type-product","3":"status-publish","4":"has-post-thumbnail","6":"product_cat-algodao","7":"product_cat-composicao","8":"product_cat-espessura","9":"product_cat-fios","10":"product_cat-katia-marcas","11":"product_cat-marcas","12":"product_cat-primavera-verao","13":"product_cat-sport","15":"first","16":"instock","17":"shipping-taxable","18":"purchasable","19":"product-type-simple"},"_links":{"self":[{"href":"https:\/\/www.lojameraki.pt\/novo\/wp-json\/wp\/v2\/product\/4331","targetHints":{"allow":["GET"]}}],"collection":[{"href":"https:\/\/www.lojameraki.pt\/novo\/wp-json\/wp\/v2\/product"}],"about":[{"href":"https:\/\/www.lojameraki.pt\/novo\/wp-json\/wp\/v2\/types\/product"}],"wp:featuredmedia":[{"embeddable":true,"href":"https:\/\/www.lojameraki.pt\/novo\/wp-json\/wp\/v2\/media\/4332"}],"wp:attachment":[{"href":"https:\/\/www.lojameraki.pt\/novo\/wp-json\/wp\/v2\/media?parent=4331"}],"wp:term":[{"taxonomy":"product_brand","embeddable":true,"href":"https:\/\/www.lojameraki.pt\/novo\/wp-json\/wp\/v2\/product_brand?post=4331"},{"taxonomy":"product_cat","embeddable":true,"href":"https:\/\/www.lojameraki.pt\/novo\/wp-json\/wp\/v2\/product_cat?post=4331"},{"taxonomy":"product_tag","embeddable":true,"href":"https:\/\/www.lojameraki.pt\/novo\/wp-json\/wp\/v2\/product_tag?post=4331"}],"curies":[{"name":"wp","href":"https:\/\/api.w.org\/{rel}","templated":true}]}}