{"id":4402,"date":"2021-06-25T14:55:18","date_gmt":"2021-06-25T14:55:18","guid":{"rendered":"https:\/\/www.lojameraki.pt\/?post_type=product&#038;p=4402"},"modified":"2024-09-01T00:06:51","modified_gmt":"2024-09-01T00:06:51","slug":"atlantico-13","status":"publish","type":"product","link":"https:\/\/www.lojameraki.pt\/novo\/product\/atlantico-13\/","title":{"rendered":"Atl\u00e2ntico 13"},"content":{"rendered":"<p>Atl\u00e2ntico 13<\/p>\n<p>Composi\u00e7\u00e3o:\u00a0 80%\u00a0 algod\u00e3o org\u00e2nico; 20% liocel<\/p>\n<p>Peso: 100 gramas<\/p>\n<p>Comprimento: 180 metros\u00a0 | aran<\/p>\n<p>Agulhas: 4 &#8211; 4,5 mm<\/p>\n<p>Amostra: 28 malhas por 28 carreiras\u00a0 (10 x 10 cm)<\/p>\n<p>Lav\u00e1vel \u00e0 maquina 30\u00ba<\/p>\n","protected":false},"excerpt":{"rendered":"<p>Atl\u00e2ntico 13 Composi\u00e7\u00e3o:\u00a0 80%\u00a0 algod\u00e3o org\u00e2nico; 20% liocel Peso: 100 gramas Comprimento: 180 metros\u00a0 | aran Agulhas: 4 &#8211; 4,5 mm Amostra: 28 malhas por 28 carreiras\u00a0 (10 x 10 cm) Lav\u00e1vel \u00e0 maquina 30\u00ba<\/p>\n","protected":false},"featured_media":4385,"template":"","meta":{"_et_pb_use_builder":"","_et_pb_old_content":"","_et_gb_content_width":""},"product_brand":[],"product_cat":[77,112,318,22,23,20,78,21,26,95],"product_tag":[],"class_list":{"0":"post-4402","1":"product","2":"type-product","3":"status-publish","4":"has-post-thumbnail","6":"product_cat-algodao","7":"product_cat-aran","8":"product_cat-atlantico","9":"product_cat-composicao","10":"product_cat-espessura","11":"product_cat-fios","12":"product_cat-lyocel","13":"product_cat-marcas","14":"product_cat-primavera-verao","15":"product_cat-rosarios-4-marcas","17":"first","18":"instock","19":"shipping-taxable","20":"purchasable","21":"product-type-simple"},"_links":{"self":[{"href":"https:\/\/www.lojameraki.pt\/novo\/wp-json\/wp\/v2\/product\/4402","targetHints":{"allow":["GET"]}}],"collection":[{"href":"https:\/\/www.lojameraki.pt\/novo\/wp-json\/wp\/v2\/product"}],"about":[{"href":"https:\/\/www.lojameraki.pt\/novo\/wp-json\/wp\/v2\/types\/product"}],"wp:featuredmedia":[{"embeddable":true,"href":"https:\/\/www.lojameraki.pt\/novo\/wp-json\/wp\/v2\/media\/4385"}],"wp:attachment":[{"href":"https:\/\/www.lojameraki.pt\/novo\/wp-json\/wp\/v2\/media?parent=4402"}],"wp:term":[{"taxonomy":"product_brand","embeddable":true,"href":"https:\/\/www.lojameraki.pt\/novo\/wp-json\/wp\/v2\/product_brand?post=4402"},{"taxonomy":"product_cat","embeddable":true,"href":"https:\/\/www.lojameraki.pt\/novo\/wp-json\/wp\/v2\/product_cat?post=4402"},{"taxonomy":"product_tag","embeddable":true,"href":"https:\/\/www.lojameraki.pt\/novo\/wp-json\/wp\/v2\/product_tag?post=4402"}],"curies":[{"name":"wp","href":"https:\/\/api.w.org\/{rel}","templated":true}]}}