{"id":4415,"date":"2021-06-25T16:00:13","date_gmt":"2021-06-25T16:00:13","guid":{"rendered":"https:\/\/www.lojameraki.pt\/?post_type=product&#038;p=4415"},"modified":"2026-03-27T18:32:54","modified_gmt":"2026-03-27T18:32:54","slug":"abraco-33","status":"publish","type":"product","link":"https:\/\/www.lojameraki.pt\/novo\/product\/abraco-33\/","title":{"rendered":"Abra\u00e7o 33"},"content":{"rendered":"<p>Abra\u00e7o 33<\/p>\n<p>Composi\u00e7\u00e3o:\u00a0 90%\u00a0 algod\u00e3o; 10% caxemira<\/p>\n<p>Peso: 50 gramas<\/p>\n<p>Comprimento: 140 metros\u00a0 | Sport<\/p>\n<p>Agulhas: 3,5 &#8211; 4 mm<\/p>\n<p>Amostra: 26 malhas por 32 carreiras\u00a0 (10 x 10 cm)<\/p>\n<p>Lav\u00e1vel \u00e0 maquina 30\u00ba<\/p>\n","protected":false},"excerpt":{"rendered":"<p>Abra\u00e7o 33 Composi\u00e7\u00e3o:\u00a0 90%\u00a0 algod\u00e3o; 10% caxemira Peso: 50 gramas Comprimento: 140 metros\u00a0 | Sport Agulhas: 3,5 &#8211; 4 mm Amostra: 26 malhas por 32 carreiras\u00a0 (10 x 10 cm) Lav\u00e1vel \u00e0 maquina 30\u00ba<\/p>\n","protected":false},"featured_media":4412,"template":"","meta":{"_et_pb_use_builder":"","_et_pb_old_content":"","_et_gb_content_width":""},"product_brand":[],"product_cat":[317,77,84,22,23,20,21,26,95,110],"product_tag":[],"class_list":{"0":"post-4415","1":"product","2":"type-product","3":"status-publish","4":"has-post-thumbnail","6":"product_cat-abraco","7":"product_cat-algodao","8":"product_cat-caxemira","9":"product_cat-composicao","10":"product_cat-espessura","11":"product_cat-fios","12":"product_cat-marcas","13":"product_cat-primavera-verao","14":"product_cat-rosarios-4-marcas","15":"product_cat-sport","17":"first","18":"instock","19":"shipping-taxable","20":"purchasable","21":"product-type-simple"},"_links":{"self":[{"href":"https:\/\/www.lojameraki.pt\/novo\/wp-json\/wp\/v2\/product\/4415","targetHints":{"allow":["GET"]}}],"collection":[{"href":"https:\/\/www.lojameraki.pt\/novo\/wp-json\/wp\/v2\/product"}],"about":[{"href":"https:\/\/www.lojameraki.pt\/novo\/wp-json\/wp\/v2\/types\/product"}],"wp:featuredmedia":[{"embeddable":true,"href":"https:\/\/www.lojameraki.pt\/novo\/wp-json\/wp\/v2\/media\/4412"}],"wp:attachment":[{"href":"https:\/\/www.lojameraki.pt\/novo\/wp-json\/wp\/v2\/media?parent=4415"}],"wp:term":[{"taxonomy":"product_brand","embeddable":true,"href":"https:\/\/www.lojameraki.pt\/novo\/wp-json\/wp\/v2\/product_brand?post=4415"},{"taxonomy":"product_cat","embeddable":true,"href":"https:\/\/www.lojameraki.pt\/novo\/wp-json\/wp\/v2\/product_cat?post=4415"},{"taxonomy":"product_tag","embeddable":true,"href":"https:\/\/www.lojameraki.pt\/novo\/wp-json\/wp\/v2\/product_tag?post=4415"}],"curies":[{"name":"wp","href":"https:\/\/api.w.org\/{rel}","templated":true}]}}