{"id":4483,"date":"2021-07-19T11:46:10","date_gmt":"2021-07-19T11:46:10","guid":{"rendered":"https:\/\/www.lojameraki.pt\/?post_type=product&#038;p=4483"},"modified":"2024-04-19T16:17:59","modified_gmt":"2024-04-19T16:17:59","slug":"blod-bomuld-39","status":"publish","type":"product","link":"https:\/\/www.lojameraki.pt\/novo\/product\/blod-bomuld-39\/","title":{"rendered":"Blod Bomuld 39"},"content":{"rendered":"<p>Blod Bomuld 39<\/p>\n<p>Composi\u00e7\u00e3o:\u00a0 100% Algod\u00e3o<\/p>\n<p>Peso: 100 gramas<\/p>\n<p>Comprimento: 340 metros\u00a0 | Fingering<\/p>\n<p>Agulhas: 2,5 &#8211; 3mm<\/p>\n<p>Amostra: 28 malhas\u00a0 (10 cm)<\/p>\n<p>Lavar \u00e0 m\u00e1quina 60\u00ba<\/p>\n","protected":false},"excerpt":{"rendered":"<p>Limitado ao stock existente, sem reposi\u00e7\u00e3o na temporada ver\u00e3o 2021<\/p>\n","protected":false},"featured_media":4475,"template":"","meta":{"_et_pb_use_builder":"","_et_pb_old_content":"","_et_gb_content_width":""},"product_brand":[],"product_cat":[77,153,23,87,20,96,21,26],"product_tag":[],"class_list":{"0":"post-4483","1":"product","2":"type-product","3":"status-publish","4":"has-post-thumbnail","6":"product_cat-algodao","7":"product_cat-blod-bomuld","8":"product_cat-espessura","9":"product_cat-fingering","10":"product_cat-fios","11":"product_cat-hjerte-garn-marcas","12":"product_cat-marcas","13":"product_cat-primavera-verao","15":"first","16":"outofstock","17":"shipping-taxable","18":"purchasable","19":"product-type-simple"},"_links":{"self":[{"href":"https:\/\/www.lojameraki.pt\/novo\/wp-json\/wp\/v2\/product\/4483","targetHints":{"allow":["GET"]}}],"collection":[{"href":"https:\/\/www.lojameraki.pt\/novo\/wp-json\/wp\/v2\/product"}],"about":[{"href":"https:\/\/www.lojameraki.pt\/novo\/wp-json\/wp\/v2\/types\/product"}],"wp:featuredmedia":[{"embeddable":true,"href":"https:\/\/www.lojameraki.pt\/novo\/wp-json\/wp\/v2\/media\/4475"}],"wp:attachment":[{"href":"https:\/\/www.lojameraki.pt\/novo\/wp-json\/wp\/v2\/media?parent=4483"}],"wp:term":[{"taxonomy":"product_brand","embeddable":true,"href":"https:\/\/www.lojameraki.pt\/novo\/wp-json\/wp\/v2\/product_brand?post=4483"},{"taxonomy":"product_cat","embeddable":true,"href":"https:\/\/www.lojameraki.pt\/novo\/wp-json\/wp\/v2\/product_cat?post=4483"},{"taxonomy":"product_tag","embeddable":true,"href":"https:\/\/www.lojameraki.pt\/novo\/wp-json\/wp\/v2\/product_tag?post=4483"}],"curies":[{"name":"wp","href":"https:\/\/api.w.org\/{rel}","templated":true}]}}