{"id":4488,"date":"2021-07-19T14:30:29","date_gmt":"2021-07-19T14:30:29","guid":{"rendered":"https:\/\/www.lojameraki.pt\/?post_type=product&#038;p=4488"},"modified":"2025-07-01T00:00:31","modified_gmt":"2025-07-01T00:00:31","slug":"arezzo-lin-2905","status":"publish","type":"product","link":"https:\/\/www.lojameraki.pt\/novo\/product\/arezzo-lin-2905\/","title":{"rendered":"Arezzo Lin 2905"},"content":{"rendered":"<p>Arezzo Lin 2905<\/p>\n<p>Composi\u00e7\u00e3o: 29% linho; 37% algod\u00e3o; 34% bamboo<\/p>\n<p>Peso: 50 gramas<\/p>\n<p>Comprimento: 150 metros\u00a0 | Sport<\/p>\n<p>Agulhas: 3 mm &#8211; 3.50 mm<\/p>\n<p>Amostra: 26 malhas 10 cm<\/p>\n<p>lav\u00e1vel \u00e0 m\u00e1quina 40\u00ba<\/p>\n","protected":false},"excerpt":{"rendered":"<p>Limitado ao stock existente, sem reposi\u00e7\u00e3o na temporada ver\u00e3o 2021<\/p>\n","protected":false},"featured_media":0,"template":"","meta":{"_et_pb_use_builder":"","_et_pb_old_content":"","_et_gb_content_width":""},"product_brand":[],"product_cat":[77,283,83,22,23,20,96,79,21,26,110],"product_tag":[],"class_list":{"0":"post-4488","1":"product","2":"type-product","3":"status-publish","5":"product_cat-algodao","6":"product_cat-arezzo-lin","7":"product_cat-bambu","8":"product_cat-composicao","9":"product_cat-espessura","10":"product_cat-fios","11":"product_cat-hjerte-garn-marcas","12":"product_cat-linho","13":"product_cat-marcas","14":"product_cat-primavera-verao","15":"product_cat-sport","17":"first","18":"instock","19":"shipping-taxable","20":"purchasable","21":"product-type-simple"},"_links":{"self":[{"href":"https:\/\/www.lojameraki.pt\/novo\/wp-json\/wp\/v2\/product\/4488","targetHints":{"allow":["GET"]}}],"collection":[{"href":"https:\/\/www.lojameraki.pt\/novo\/wp-json\/wp\/v2\/product"}],"about":[{"href":"https:\/\/www.lojameraki.pt\/novo\/wp-json\/wp\/v2\/types\/product"}],"wp:attachment":[{"href":"https:\/\/www.lojameraki.pt\/novo\/wp-json\/wp\/v2\/media?parent=4488"}],"wp:term":[{"taxonomy":"product_brand","embeddable":true,"href":"https:\/\/www.lojameraki.pt\/novo\/wp-json\/wp\/v2\/product_brand?post=4488"},{"taxonomy":"product_cat","embeddable":true,"href":"https:\/\/www.lojameraki.pt\/novo\/wp-json\/wp\/v2\/product_cat?post=4488"},{"taxonomy":"product_tag","embeddable":true,"href":"https:\/\/www.lojameraki.pt\/novo\/wp-json\/wp\/v2\/product_tag?post=4488"}],"curies":[{"name":"wp","href":"https:\/\/api.w.org\/{rel}","templated":true}]}}