{"id":4544,"date":"2021-07-22T15:51:18","date_gmt":"2021-07-22T15:51:18","guid":{"rendered":"https:\/\/www.lojameraki.pt\/?post_type=product&#038;p=4544"},"modified":"2025-10-23T16:58:46","modified_gmt":"2025-10-23T16:58:46","slug":"jardim-37","status":"publish","type":"product","link":"https:\/\/www.lojameraki.pt\/novo\/product\/jardim-37\/","title":{"rendered":"Jardim  37"},"content":{"rendered":"<p>Jardim 37<\/p>\n<p>Composi\u00e7\u00e3o: 55% L\u00e3 superwash; 45% Algod\u00e3o<\/p>\n<p>Peso: 50 gramas<\/p>\n<p>Comprimento: 230 metros\u00a0 | Light Fingering<\/p>\n<p>Agulhas: 3 &#8211; 4 mm<\/p>\n<p>Amostra: 23 malhas por 32 carreiras\u00a0 \u00a0(10 cm x 10 cm )<\/p>\n<p>lav\u00e1vel \u00e0 m\u00e1quina<\/p>\n","protected":false},"excerpt":{"rendered":"<p>Jardim 37 Composi\u00e7\u00e3o: 55% L\u00e3 superwash; 45% Algod\u00e3o Peso: 50 gramas Comprimento: 230 metros\u00a0 | Light Fingering Agulhas: 3 &#8211; 4 mm Amostra: 23 malhas por 32 carreiras\u00a0 \u00a0(10 cm x 10 cm ) lav\u00e1vel \u00e0 m\u00e1quina<\/p>\n","protected":false},"featured_media":4545,"template":"","meta":{"_et_pb_use_builder":"","_et_pb_old_content":"","_et_gb_content_width":""},"product_brand":[],"product_cat":[77,22,23,20,252,70,113,21,95],"product_tag":[],"class_list":{"0":"post-4544","1":"product","2":"type-product","3":"status-publish","4":"has-post-thumbnail","6":"product_cat-algodao","7":"product_cat-composicao","8":"product_cat-espessura","9":"product_cat-fios","10":"product_cat-jardim","11":"product_cat-la","12":"product_cat-light-fingering","13":"product_cat-marcas","14":"product_cat-rosarios-4-marcas","16":"first","17":"instock","18":"shipping-taxable","19":"purchasable","20":"product-type-simple"},"_links":{"self":[{"href":"https:\/\/www.lojameraki.pt\/novo\/wp-json\/wp\/v2\/product\/4544","targetHints":{"allow":["GET"]}}],"collection":[{"href":"https:\/\/www.lojameraki.pt\/novo\/wp-json\/wp\/v2\/product"}],"about":[{"href":"https:\/\/www.lojameraki.pt\/novo\/wp-json\/wp\/v2\/types\/product"}],"wp:featuredmedia":[{"embeddable":true,"href":"https:\/\/www.lojameraki.pt\/novo\/wp-json\/wp\/v2\/media\/4545"}],"wp:attachment":[{"href":"https:\/\/www.lojameraki.pt\/novo\/wp-json\/wp\/v2\/media?parent=4544"}],"wp:term":[{"taxonomy":"product_brand","embeddable":true,"href":"https:\/\/www.lojameraki.pt\/novo\/wp-json\/wp\/v2\/product_brand?post=4544"},{"taxonomy":"product_cat","embeddable":true,"href":"https:\/\/www.lojameraki.pt\/novo\/wp-json\/wp\/v2\/product_cat?post=4544"},{"taxonomy":"product_tag","embeddable":true,"href":"https:\/\/www.lojameraki.pt\/novo\/wp-json\/wp\/v2\/product_tag?post=4544"}],"curies":[{"name":"wp","href":"https:\/\/api.w.org\/{rel}","templated":true}]}}