{"id":4580,"date":"2021-07-28T15:23:26","date_gmt":"2021-07-28T15:23:26","guid":{"rendered":"https:\/\/www.lojameraki.pt\/?post_type=product&#038;p=4580"},"modified":"2025-02-20T11:17:52","modified_gmt":"2025-02-20T11:17:52","slug":"regia-cotton-tutti-frutti-morango","status":"publish","type":"product","link":"https:\/\/www.lojameraki.pt\/novo\/product\/regia-cotton-tutti-frutti-morango\/","title":{"rendered":"Regia Cotton  Color 04080"},"content":{"rendered":"<p>Regia Cotton 04080<\/p>\n<p>Composi\u00e7\u00e3o: 72% algod\u00e3o; 18% Poliamida; 10%polyester<\/p>\n<p>Peso: 100 gramas<\/p>\n<p>Comprimento: 420 metros | Fingering<\/p>\n<p>Agulhas: 2 &#8211; 3 mm<\/p>\n<p>Amostra: 30 malhas por 42 carreiras (10 cm x 10 cm)<\/p>\n<p>lav\u00e1vel \u00e0 m\u00e1quina 40\u00ba<\/p>\n","protected":false},"excerpt":{"rendered":"<p>Regia Cotton 04080 Composi\u00e7\u00e3o: 72% algod\u00e3o; 18% Poliamida; 10%polyester Peso: 100 gramas Comprimento: 420 metros | Fingering Agulhas: 2 &#8211; 3 mm Amostra: 30 malhas por 42 carreiras (10 cm x 10 cm) lav\u00e1vel \u00e0 m\u00e1quina 40\u00ba<\/p>\n","protected":false},"featured_media":8316,"template":"","meta":{"_et_pb_use_builder":"","_et_pb_old_content":"","_et_gb_content_width":""},"product_brand":[],"product_cat":[77,22,329,23,87,20,21,25,76,85,108],"product_tag":[],"class_list":{"0":"post-4580","1":"product","2":"type-product","3":"status-publish","4":"has-post-thumbnail","6":"product_cat-algodao","7":"product_cat-composicao","8":"product_cat-tutti-frutti","9":"product_cat-espessura","10":"product_cat-fingering","11":"product_cat-fios","12":"product_cat-marcas","13":"product_cat-meias","14":"product_cat-poliamida-nylon","15":"product_cat-poliester","16":"product_cat-regia-marcas","18":"first","19":"instock","20":"shipping-taxable","21":"purchasable","22":"product-type-simple"},"_links":{"self":[{"href":"https:\/\/www.lojameraki.pt\/novo\/wp-json\/wp\/v2\/product\/4580","targetHints":{"allow":["GET"]}}],"collection":[{"href":"https:\/\/www.lojameraki.pt\/novo\/wp-json\/wp\/v2\/product"}],"about":[{"href":"https:\/\/www.lojameraki.pt\/novo\/wp-json\/wp\/v2\/types\/product"}],"wp:featuredmedia":[{"embeddable":true,"href":"https:\/\/www.lojameraki.pt\/novo\/wp-json\/wp\/v2\/media\/8316"}],"wp:attachment":[{"href":"https:\/\/www.lojameraki.pt\/novo\/wp-json\/wp\/v2\/media?parent=4580"}],"wp:term":[{"taxonomy":"product_brand","embeddable":true,"href":"https:\/\/www.lojameraki.pt\/novo\/wp-json\/wp\/v2\/product_brand?post=4580"},{"taxonomy":"product_cat","embeddable":true,"href":"https:\/\/www.lojameraki.pt\/novo\/wp-json\/wp\/v2\/product_cat?post=4580"},{"taxonomy":"product_tag","embeddable":true,"href":"https:\/\/www.lojameraki.pt\/novo\/wp-json\/wp\/v2\/product_tag?post=4580"}],"curies":[{"name":"wp","href":"https:\/\/api.w.org\/{rel}","templated":true}]}}