{"id":4587,"date":"2021-07-28T15:42:09","date_gmt":"2021-07-28T15:42:09","guid":{"rendered":"https:\/\/www.lojameraki.pt\/?post_type=product&#038;p=4587"},"modified":"2025-07-01T00:00:23","modified_gmt":"2025-07-01T00:00:23","slug":"regia-premium-merino-yak-color-08509","status":"publish","type":"product","link":"https:\/\/www.lojameraki.pt\/novo\/product\/regia-premium-merino-yak-color-08509\/","title":{"rendered":"Regia Premium &#8211; Merino Yak Color 08509"},"content":{"rendered":"<p>Regia Premium &#8211; Merino Yak Color 08509<\/p>\n<p>Composi\u00e7\u00e3o:\u00a0 58%\u00a0 l\u00e3; 28% poliamida; 14 % yak<\/p>\n<p>Peso: 100 gramas<\/p>\n<p>Comprimento: 400 metros\u00a0 | Fingering<\/p>\n<p>Agulhas: 2,5 &#8211; 3,5 mm<\/p>\n<p>Amostra: 24 malhas por 32 carreiras\u00a0 (10 x 10 cm)<\/p>\n<p>Lavar \u00e0 m\u00e1quina at\u00e9 30\u00ba<\/p>\n","protected":false},"excerpt":{"rendered":"<p>Regia Premium &#8211; Merino Yak Color 08509 Composi\u00e7\u00e3o:\u00a0 58%\u00a0 l\u00e3; 28% poliamida; 14 % yak Peso: 100 gramas Comprimento: 400 metros\u00a0 | Fingering Agulhas: 2,5 &#8211; 3,5 mm Amostra: 24 malhas por 32 carreiras\u00a0 (10 x 10 cm) Lavar \u00e0 m\u00e1quina at\u00e9 30\u00ba<\/p>\n","protected":false},"featured_media":4584,"template":"","meta":{"_et_pb_use_builder":"","_et_pb_old_content":"","_et_gb_content_width":""},"product_brand":[],"product_cat":[22,23,87,20,220,70,21,25,76,259,108],"product_tag":[],"class_list":{"0":"post-4587","1":"product","2":"type-product","3":"status-publish","4":"has-post-thumbnail","6":"product_cat-composicao","7":"product_cat-espessura","8":"product_cat-fingering","9":"product_cat-fios","10":"product_cat-iaque","11":"product_cat-la","12":"product_cat-marcas","13":"product_cat-meias","14":"product_cat-poliamida-nylon","15":"product_cat-regia-premium","16":"product_cat-regia-marcas","18":"first","19":"instock","20":"shipping-taxable","21":"purchasable","22":"product-type-simple"},"_links":{"self":[{"href":"https:\/\/www.lojameraki.pt\/novo\/wp-json\/wp\/v2\/product\/4587","targetHints":{"allow":["GET"]}}],"collection":[{"href":"https:\/\/www.lojameraki.pt\/novo\/wp-json\/wp\/v2\/product"}],"about":[{"href":"https:\/\/www.lojameraki.pt\/novo\/wp-json\/wp\/v2\/types\/product"}],"wp:featuredmedia":[{"embeddable":true,"href":"https:\/\/www.lojameraki.pt\/novo\/wp-json\/wp\/v2\/media\/4584"}],"wp:attachment":[{"href":"https:\/\/www.lojameraki.pt\/novo\/wp-json\/wp\/v2\/media?parent=4587"}],"wp:term":[{"taxonomy":"product_brand","embeddable":true,"href":"https:\/\/www.lojameraki.pt\/novo\/wp-json\/wp\/v2\/product_brand?post=4587"},{"taxonomy":"product_cat","embeddable":true,"href":"https:\/\/www.lojameraki.pt\/novo\/wp-json\/wp\/v2\/product_cat?post=4587"},{"taxonomy":"product_tag","embeddable":true,"href":"https:\/\/www.lojameraki.pt\/novo\/wp-json\/wp\/v2\/product_tag?post=4587"}],"curies":[{"name":"wp","href":"https:\/\/api.w.org\/{rel}","templated":true}]}}