{"id":4616,"date":"2021-08-05T10:30:00","date_gmt":"2021-08-05T10:30:00","guid":{"rendered":"https:\/\/www.lojameraki.pt\/?post_type=product&#038;p=4616"},"modified":"2023-09-08T16:26:24","modified_gmt":"2023-09-08T16:26:24","slug":"juliette-203","status":"publish","type":"product","link":"https:\/\/www.lojameraki.pt\/novo\/product\/juliette-203\/","title":{"rendered":"Juliette 203"},"content":{"rendered":"<p>Juliette 203<\/p>\n<p>Composi\u00e7\u00e3o: 10% l\u00e3; 10% alpaca; 80% acr\u00edlico<\/p>\n<p>Peso: 100 gramas<\/p>\n<p>Comprimento: 450 metros | light fingering<\/p>\n<p>Agulhas: 4 mm<\/p>\n<p>Amostra:\u00a0 25malhas por 32 carreiras\u00a0 \u00a0(10 x 10 cm)<\/p>\n<p>&nbsp;<\/p>\n","protected":false},"excerpt":{"rendered":"<p>-10% (limitado ao stock)<\/p>\n","protected":false},"featured_media":4610,"template":"","meta":{"_et_pb_use_builder":"","_et_pb_old_content":"","_et_gb_content_width":""},"product_brand":[],"product_cat":[82,22,331,23,20,339,70,72,113,21],"product_tag":[],"class_list":{"0":"post-4616","1":"product","2":"type-product","3":"status-publish","4":"has-post-thumbnail","6":"product_cat-acrilico","7":"product_cat-composicao","8":"product_cat-dmc","9":"product_cat-espessura","10":"product_cat-fios","11":"product_cat-juliette","12":"product_cat-la","13":"product_cat-la-alpaca","14":"product_cat-light-fingering","15":"product_cat-marcas","17":"first","18":"instock","19":"shipping-taxable","20":"purchasable","21":"product-type-simple"},"_links":{"self":[{"href":"https:\/\/www.lojameraki.pt\/novo\/wp-json\/wp\/v2\/product\/4616","targetHints":{"allow":["GET"]}}],"collection":[{"href":"https:\/\/www.lojameraki.pt\/novo\/wp-json\/wp\/v2\/product"}],"about":[{"href":"https:\/\/www.lojameraki.pt\/novo\/wp-json\/wp\/v2\/types\/product"}],"wp:featuredmedia":[{"embeddable":true,"href":"https:\/\/www.lojameraki.pt\/novo\/wp-json\/wp\/v2\/media\/4610"}],"wp:attachment":[{"href":"https:\/\/www.lojameraki.pt\/novo\/wp-json\/wp\/v2\/media?parent=4616"}],"wp:term":[{"taxonomy":"product_brand","embeddable":true,"href":"https:\/\/www.lojameraki.pt\/novo\/wp-json\/wp\/v2\/product_brand?post=4616"},{"taxonomy":"product_cat","embeddable":true,"href":"https:\/\/www.lojameraki.pt\/novo\/wp-json\/wp\/v2\/product_cat?post=4616"},{"taxonomy":"product_tag","embeddable":true,"href":"https:\/\/www.lojameraki.pt\/novo\/wp-json\/wp\/v2\/product_tag?post=4616"}],"curies":[{"name":"wp","href":"https:\/\/api.w.org\/{rel}","templated":true}]}}