{"id":4704,"date":"2021-09-09T14:38:39","date_gmt":"2021-09-09T14:38:39","guid":{"rendered":"https:\/\/www.lojameraki.pt\/?post_type=product&#038;p=4704"},"modified":"2024-10-28T12:24:17","modified_gmt":"2024-10-28T12:24:17","slug":"pure-wool-worsted-ivory-101","status":"publish","type":"product","link":"https:\/\/www.lojameraki.pt\/novo\/product\/pure-wool-worsted-ivory-101\/","title":{"rendered":"Pure Wool Superwash Worsted  &#8211; 101 Ivory"},"content":{"rendered":"<p>Pure Wool Superwash Worsted &#8211; 101 Ivory<\/p>\n<p>Composi\u00e7\u00e3o: 100% l\u00e3<\/p>\n<p>Peso: 100 gramas<\/p>\n<p>Comprimento: 200 metros | worsted<\/p>\n<p>Agulhas: 4,5mm<\/p>\n<p>Amostra:\u00a0 20 malhas por 25 carreiras\u00a0 \u00a0(10 x 10 cm)<\/p>\n<p>superwash<\/p>\n<p>&nbsp;<\/p>\n","protected":false},"excerpt":{"rendered":"<p>Pure Wool Superwash Worsted &#8211; 101 Ivory Composi\u00e7\u00e3o: 100% l\u00e3 Peso: 100 gramas Comprimento: 200 metros | worsted Agulhas: 4,5mm Amostra:\u00a0 20 malhas por 25 carreiras\u00a0 \u00a0(10 x 10 cm) superwash &nbsp;<\/p>\n","protected":false},"featured_media":4705,"template":"","meta":{"_et_pb_use_builder":"","_et_pb_old_content":"","_et_gb_content_width":""},"product_brand":[],"product_cat":[112,22,23,20,70,21,211,107],"product_tag":[],"class_list":{"0":"post-4704","1":"product","2":"type-product","3":"status-publish","4":"has-post-thumbnail","6":"product_cat-aran","7":"product_cat-composicao","8":"product_cat-espessura","9":"product_cat-fios","10":"product_cat-la","11":"product_cat-marcas","12":"product_cat-pure-wool-worsted","13":"product_cat-rowan-marcas","15":"first","16":"instock","17":"shipping-taxable","18":"purchasable","19":"product-type-simple"},"_links":{"self":[{"href":"https:\/\/www.lojameraki.pt\/novo\/wp-json\/wp\/v2\/product\/4704","targetHints":{"allow":["GET"]}}],"collection":[{"href":"https:\/\/www.lojameraki.pt\/novo\/wp-json\/wp\/v2\/product"}],"about":[{"href":"https:\/\/www.lojameraki.pt\/novo\/wp-json\/wp\/v2\/types\/product"}],"wp:featuredmedia":[{"embeddable":true,"href":"https:\/\/www.lojameraki.pt\/novo\/wp-json\/wp\/v2\/media\/4705"}],"wp:attachment":[{"href":"https:\/\/www.lojameraki.pt\/novo\/wp-json\/wp\/v2\/media?parent=4704"}],"wp:term":[{"taxonomy":"product_brand","embeddable":true,"href":"https:\/\/www.lojameraki.pt\/novo\/wp-json\/wp\/v2\/product_brand?post=4704"},{"taxonomy":"product_cat","embeddable":true,"href":"https:\/\/www.lojameraki.pt\/novo\/wp-json\/wp\/v2\/product_cat?post=4704"},{"taxonomy":"product_tag","embeddable":true,"href":"https:\/\/www.lojameraki.pt\/novo\/wp-json\/wp\/v2\/product_tag?post=4704"}],"curies":[{"name":"wp","href":"https:\/\/api.w.org\/{rel}","templated":true}]}}