{"id":4899,"date":"2021-09-22T15:02:05","date_gmt":"2021-09-22T15:02:05","guid":{"rendered":"https:\/\/www.lojameraki.pt\/?post_type=product&#038;p=4899"},"modified":"2024-10-11T11:00:50","modified_gmt":"2024-10-11T11:00:50","slug":"azteca-7879","status":"publish","type":"product","link":"https:\/\/www.lojameraki.pt\/novo\/product\/azteca-7879\/","title":{"rendered":"Azteca 7886"},"content":{"rendered":"<p>Azteca 7886<\/p>\n<p>Composi\u00e7\u00e3o: 53% L\u00e3; 47% Acr\u00edlico<\/p>\n<p>Peso: 100 gramas<\/p>\n<p>Comprimento: 180 metros |\u00a0 Aran<\/p>\n<p>Agulhas: 5 &#8211; 5,5 mm<\/p>\n<p>Amostra: 17 malhas\u00a0 (10 cm)<\/p>\n<p>lav\u00e1vel \u00e0 m\u00e1quina<\/p>\n","protected":false},"excerpt":{"rendered":"<p>Azteca 7886 Composi\u00e7\u00e3o: 53% L\u00e3; 47% Acr\u00edlico Peso: 100 gramas Comprimento: 180 metros |\u00a0 Aran Agulhas: 5 &#8211; 5,5 mm Amostra: 17 malhas\u00a0 (10 cm) lav\u00e1vel \u00e0 m\u00e1quina<\/p>\n","protected":false},"featured_media":9655,"template":"","meta":{"_et_pb_use_builder":"","_et_pb_old_content":"","_et_gb_content_width":""},"product_brand":[],"product_cat":[82,112,201,22,23,20,93,70,21],"product_tag":[],"class_list":{"0":"post-4899","1":"product","2":"type-product","3":"status-publish","4":"has-post-thumbnail","6":"product_cat-acrilico","7":"product_cat-aran","8":"product_cat-azteca","9":"product_cat-composicao","10":"product_cat-espessura","11":"product_cat-fios","12":"product_cat-katia-marcas","13":"product_cat-la","14":"product_cat-marcas","16":"first","17":"instock","18":"shipping-taxable","19":"purchasable","20":"product-type-simple"},"_links":{"self":[{"href":"https:\/\/www.lojameraki.pt\/novo\/wp-json\/wp\/v2\/product\/4899","targetHints":{"allow":["GET"]}}],"collection":[{"href":"https:\/\/www.lojameraki.pt\/novo\/wp-json\/wp\/v2\/product"}],"about":[{"href":"https:\/\/www.lojameraki.pt\/novo\/wp-json\/wp\/v2\/types\/product"}],"wp:featuredmedia":[{"embeddable":true,"href":"https:\/\/www.lojameraki.pt\/novo\/wp-json\/wp\/v2\/media\/9655"}],"wp:attachment":[{"href":"https:\/\/www.lojameraki.pt\/novo\/wp-json\/wp\/v2\/media?parent=4899"}],"wp:term":[{"taxonomy":"product_brand","embeddable":true,"href":"https:\/\/www.lojameraki.pt\/novo\/wp-json\/wp\/v2\/product_brand?post=4899"},{"taxonomy":"product_cat","embeddable":true,"href":"https:\/\/www.lojameraki.pt\/novo\/wp-json\/wp\/v2\/product_cat?post=4899"},{"taxonomy":"product_tag","embeddable":true,"href":"https:\/\/www.lojameraki.pt\/novo\/wp-json\/wp\/v2\/product_tag?post=4899"}],"curies":[{"name":"wp","href":"https:\/\/api.w.org\/{rel}","templated":true}]}}