{"id":490,"date":"2018-05-17T15:47:48","date_gmt":"2018-05-17T15:47:48","guid":{"rendered":"http:\/\/www.lojameraki.pt\/novo\/?post_type=product&#038;p=490"},"modified":"2025-10-29T12:58:15","modified_gmt":"2025-10-29T12:58:15","slug":"merino-4-us-04","status":"publish","type":"product","link":"https:\/\/www.lojameraki.pt\/novo\/product\/merino-4-us-04\/","title":{"rendered":"Merino 4 us  06"},"content":{"rendered":"<p>Merino 4 us 06<\/p>\n<p>Composi\u00e7\u00e3o:\u00a0 100%\u00a0 L\u00e3 Merino<\/p>\n<p>Peso: 50 gramas<\/p>\n<p>Comprimento: 125 metros\u00a0 | sport<\/p>\n<p>Agulhas: 3,5- 4 mm<\/p>\n<p>Amostra: 23 malhas por 25 carreiras (10 cm x 10 cm)<\/p>\n<p>Tratamento superwash &#8211; Lav\u00e1vel \u00e0 m\u00e1quina 30%<\/p>\n","protected":false},"excerpt":{"rendered":"<p>Merino 4 us 06 Composi\u00e7\u00e3o:\u00a0 100%\u00a0 L\u00e3 Merino Peso: 50 gramas Comprimento: 125 metros\u00a0 | sport Agulhas: 3,5- 4 mm Amostra: 23 malhas por 25 carreiras (10 cm x 10 cm) Tratamento superwash &#8211; Lav\u00e1vel \u00e0 m\u00e1quina 30%<\/p>\n","protected":false},"featured_media":1862,"template":"","meta":{"_et_pb_use_builder":"","_et_pb_old_content":"","_et_gb_content_width":""},"product_brand":[],"product_cat":[22,23,20,71,21,114,95,110],"product_tag":[],"class_list":{"0":"post-490","1":"product","2":"type-product","3":"status-publish","4":"has-post-thumbnail","6":"product_cat-composicao","7":"product_cat-espessura","8":"product_cat-fios","9":"product_cat-la-merino","10":"product_cat-marcas","11":"product_cat-merino-4-us","12":"product_cat-rosarios-4-marcas","13":"product_cat-sport","15":"first","16":"instock","17":"shipping-taxable","18":"purchasable","19":"product-type-simple"},"_links":{"self":[{"href":"https:\/\/www.lojameraki.pt\/novo\/wp-json\/wp\/v2\/product\/490","targetHints":{"allow":["GET"]}}],"collection":[{"href":"https:\/\/www.lojameraki.pt\/novo\/wp-json\/wp\/v2\/product"}],"about":[{"href":"https:\/\/www.lojameraki.pt\/novo\/wp-json\/wp\/v2\/types\/product"}],"wp:featuredmedia":[{"embeddable":true,"href":"https:\/\/www.lojameraki.pt\/novo\/wp-json\/wp\/v2\/media\/1862"}],"wp:attachment":[{"href":"https:\/\/www.lojameraki.pt\/novo\/wp-json\/wp\/v2\/media?parent=490"}],"wp:term":[{"taxonomy":"product_brand","embeddable":true,"href":"https:\/\/www.lojameraki.pt\/novo\/wp-json\/wp\/v2\/product_brand?post=490"},{"taxonomy":"product_cat","embeddable":true,"href":"https:\/\/www.lojameraki.pt\/novo\/wp-json\/wp\/v2\/product_cat?post=490"},{"taxonomy":"product_tag","embeddable":true,"href":"https:\/\/www.lojameraki.pt\/novo\/wp-json\/wp\/v2\/product_tag?post=490"}],"curies":[{"name":"wp","href":"https:\/\/api.w.org\/{rel}","templated":true}]}}