{"id":4904,"date":"2021-09-23T14:23:25","date_gmt":"2021-09-23T14:23:25","guid":{"rendered":"https:\/\/www.lojameraki.pt\/?post_type=product&#038;p=4904"},"modified":"2023-09-08T16:19:42","modified_gmt":"2023-09-08T16:19:42","slug":"merino-sport-03","status":"publish","type":"product","link":"https:\/\/www.lojameraki.pt\/novo\/product\/merino-sport-03\/","title":{"rendered":"Merino sport 03"},"content":{"rendered":"<p>Merino sport 03<\/p>\n<p>Composi\u00e7\u00e3o: 100% L\u00e3 virgem<\/p>\n<p>Peso: 50 gramas<\/p>\n<p>Comprimento: 80 metros |\u00a0 Aran<\/p>\n<p>Agulhas: 5 &#8211; 5,5 mm<\/p>\n<p>Amostra: 18 malhas x 24 carreiras\u00a0 (10 cm)<\/p>\n<p>lav\u00e1vel \u00e0 m\u00e1quina<\/p>\n","protected":false},"excerpt":{"rendered":"<p>Merino sport 03 Composi\u00e7\u00e3o: 100% L\u00e3 virgem Peso: 50 gramas Comprimento: 80 metros |\u00a0 Aran Agulhas: 5 &#8211; 5,5 mm Amostra: 18 malhas x 24 carreiras\u00a0 (10 cm) lav\u00e1vel \u00e0 m\u00e1quina<\/p>\n","protected":false},"featured_media":4901,"template":"","meta":{"_et_pb_use_builder":"","_et_pb_old_content":"","_et_gb_content_width":""},"product_brand":[],"product_cat":[112,22,23,20,93,70,21,351],"product_tag":[],"class_list":{"0":"post-4904","1":"product","2":"type-product","3":"status-publish","4":"has-post-thumbnail","6":"product_cat-aran","7":"product_cat-composicao","8":"product_cat-espessura","9":"product_cat-fios","10":"product_cat-katia-marcas","11":"product_cat-la","12":"product_cat-marcas","13":"product_cat-merino-sport","15":"first","16":"instock","17":"shipping-taxable","18":"purchasable","19":"product-type-simple"},"_links":{"self":[{"href":"https:\/\/www.lojameraki.pt\/novo\/wp-json\/wp\/v2\/product\/4904","targetHints":{"allow":["GET"]}}],"collection":[{"href":"https:\/\/www.lojameraki.pt\/novo\/wp-json\/wp\/v2\/product"}],"about":[{"href":"https:\/\/www.lojameraki.pt\/novo\/wp-json\/wp\/v2\/types\/product"}],"wp:featuredmedia":[{"embeddable":true,"href":"https:\/\/www.lojameraki.pt\/novo\/wp-json\/wp\/v2\/media\/4901"}],"wp:attachment":[{"href":"https:\/\/www.lojameraki.pt\/novo\/wp-json\/wp\/v2\/media?parent=4904"}],"wp:term":[{"taxonomy":"product_brand","embeddable":true,"href":"https:\/\/www.lojameraki.pt\/novo\/wp-json\/wp\/v2\/product_brand?post=4904"},{"taxonomy":"product_cat","embeddable":true,"href":"https:\/\/www.lojameraki.pt\/novo\/wp-json\/wp\/v2\/product_cat?post=4904"},{"taxonomy":"product_tag","embeddable":true,"href":"https:\/\/www.lojameraki.pt\/novo\/wp-json\/wp\/v2\/product_tag?post=4904"}],"curies":[{"name":"wp","href":"https:\/\/api.w.org\/{rel}","templated":true}]}}