{"id":4920,"date":"2021-09-23T14:40:34","date_gmt":"2021-09-23T14:40:34","guid":{"rendered":"https:\/\/www.lojameraki.pt\/?post_type=product&#038;p=4920"},"modified":"2023-09-08T15:07:17","modified_gmt":"2023-09-08T15:07:17","slug":"merino-85-243-rosa","status":"publish","type":"product","link":"https:\/\/www.lojameraki.pt\/novo\/product\/merino-85-243-rosa\/","title":{"rendered":"Merino 85  243 rosa"},"content":{"rendered":"<p>Merino 85 243 rosa<\/p>\n<p>Composi\u00e7\u00e3o: 100% L\u00e3 virgem<\/p>\n<p>Peso: 50 gramas<\/p>\n<p>Comprimento: 85 metros |\u00a0 Aran<\/p>\n<p>Agulhas: 4,5 &#8211; 5,5 mm<\/p>\n<p>Amostra: 18 malhas x 25 carreiras\u00a0 (10 cm)<\/p>\n<p>lav\u00e1vel \u00e0 m\u00e1quina<\/p>\n","protected":false},"excerpt":{"rendered":"<p>Merino 85 243 rosa Composi\u00e7\u00e3o: 100% L\u00e3 virgem Peso: 50 gramas Comprimento: 85 metros |\u00a0 Aran Agulhas: 4,5 &#8211; 5,5 mm Amostra: 18 malhas x 25 carreiras\u00a0 (10 cm) lav\u00e1vel \u00e0 m\u00e1quina<\/p>\n","protected":false},"featured_media":4909,"template":"","meta":{"_et_pb_use_builder":"","_et_pb_old_content":"","_et_gb_content_width":""},"product_brand":[],"product_cat":[112,22,23,20,70,21,352,109],"product_tag":[],"class_list":{"0":"post-4920","1":"product","2":"type-product","3":"status-publish","4":"has-post-thumbnail","6":"product_cat-aran","7":"product_cat-composicao","8":"product_cat-espessura","9":"product_cat-fios","10":"product_cat-la","11":"product_cat-marcas","12":"product_cat-merino-85","13":"product_cat-schachenmayr-marcas","15":"first","16":"instock","17":"shipping-taxable","18":"purchasable","19":"product-type-simple"},"_links":{"self":[{"href":"https:\/\/www.lojameraki.pt\/novo\/wp-json\/wp\/v2\/product\/4920","targetHints":{"allow":["GET"]}}],"collection":[{"href":"https:\/\/www.lojameraki.pt\/novo\/wp-json\/wp\/v2\/product"}],"about":[{"href":"https:\/\/www.lojameraki.pt\/novo\/wp-json\/wp\/v2\/types\/product"}],"wp:featuredmedia":[{"embeddable":true,"href":"https:\/\/www.lojameraki.pt\/novo\/wp-json\/wp\/v2\/media\/4909"}],"wp:attachment":[{"href":"https:\/\/www.lojameraki.pt\/novo\/wp-json\/wp\/v2\/media?parent=4920"}],"wp:term":[{"taxonomy":"product_brand","embeddable":true,"href":"https:\/\/www.lojameraki.pt\/novo\/wp-json\/wp\/v2\/product_brand?post=4920"},{"taxonomy":"product_cat","embeddable":true,"href":"https:\/\/www.lojameraki.pt\/novo\/wp-json\/wp\/v2\/product_cat?post=4920"},{"taxonomy":"product_tag","embeddable":true,"href":"https:\/\/www.lojameraki.pt\/novo\/wp-json\/wp\/v2\/product_tag?post=4920"}],"curies":[{"name":"wp","href":"https:\/\/api.w.org\/{rel}","templated":true}]}}