{"id":4965,"date":"2021-09-28T09:35:45","date_gmt":"2021-09-28T09:35:45","guid":{"rendered":"https:\/\/www.lojameraki.pt\/?post_type=product&#038;p=4965"},"modified":"2025-12-30T11:03:12","modified_gmt":"2025-12-30T11:03:12","slug":"amor-perfeito-34","status":"publish","type":"product","link":"https:\/\/www.lojameraki.pt\/novo\/product\/amor-perfeito-34\/","title":{"rendered":"Amor Perfeito 34"},"content":{"rendered":"<p>Amor Perfeito 34<\/p>\n<p>Composi\u00e7\u00e3o: 50% L\u00e3; 50% Acr\u00edlico<\/p>\n<p>Peso: 100 gramas<\/p>\n<p>Comprimento: 120 metros |\u00a0 Aran<\/p>\n<p>Agulhas: 5 &#8211; 5,5 mm<\/p>\n<p>Amostra: 16 malhas x 20 carreiras\u00a0 (10 cm)<\/p>\n<p>lav\u00e1vel \u00e0 m\u00e1quina<\/p>\n","protected":false},"excerpt":{"rendered":"<p>Amor Perfeito 34 Composi\u00e7\u00e3o: 50% L\u00e3; 50% Acr\u00edlico Peso: 100 gramas Comprimento: 120 metros |\u00a0 Aran Agulhas: 5 &#8211; 5,5 mm Amostra: 16 malhas x 20 carreiras\u00a0 (10 cm) lav\u00e1vel \u00e0 m\u00e1quina<\/p>\n","protected":false},"featured_media":4954,"template":"","meta":{"_et_pb_use_builder":"","_et_pb_old_content":"","_et_gb_content_width":""},"product_brand":[],"product_cat":[82,354,112,22,23,20,70,21,95],"product_tag":[],"class_list":{"0":"post-4965","1":"product","2":"type-product","3":"status-publish","4":"has-post-thumbnail","6":"product_cat-acrilico","7":"product_cat-amor-perfeito","8":"product_cat-aran","9":"product_cat-composicao","10":"product_cat-espessura","11":"product_cat-fios","12":"product_cat-la","13":"product_cat-marcas","14":"product_cat-rosarios-4-marcas","16":"first","17":"instock","18":"shipping-taxable","19":"purchasable","20":"product-type-simple"},"_links":{"self":[{"href":"https:\/\/www.lojameraki.pt\/novo\/wp-json\/wp\/v2\/product\/4965","targetHints":{"allow":["GET"]}}],"collection":[{"href":"https:\/\/www.lojameraki.pt\/novo\/wp-json\/wp\/v2\/product"}],"about":[{"href":"https:\/\/www.lojameraki.pt\/novo\/wp-json\/wp\/v2\/types\/product"}],"wp:featuredmedia":[{"embeddable":true,"href":"https:\/\/www.lojameraki.pt\/novo\/wp-json\/wp\/v2\/media\/4954"}],"wp:attachment":[{"href":"https:\/\/www.lojameraki.pt\/novo\/wp-json\/wp\/v2\/media?parent=4965"}],"wp:term":[{"taxonomy":"product_brand","embeddable":true,"href":"https:\/\/www.lojameraki.pt\/novo\/wp-json\/wp\/v2\/product_brand?post=4965"},{"taxonomy":"product_cat","embeddable":true,"href":"https:\/\/www.lojameraki.pt\/novo\/wp-json\/wp\/v2\/product_cat?post=4965"},{"taxonomy":"product_tag","embeddable":true,"href":"https:\/\/www.lojameraki.pt\/novo\/wp-json\/wp\/v2\/product_tag?post=4965"}],"curies":[{"name":"wp","href":"https:\/\/api.w.org\/{rel}","templated":true}]}}