{"id":5041,"date":"2021-10-01T10:38:50","date_gmt":"2021-10-01T10:38:50","guid":{"rendered":"https:\/\/www.lojameraki.pt\/?post_type=product&#038;p=5041"},"modified":"2025-10-30T12:09:24","modified_gmt":"2025-10-30T12:09:24","slug":"tweed-haze-550-winter","status":"publish","type":"product","link":"https:\/\/www.lojameraki.pt\/novo\/product\/tweed-haze-550-winter\/","title":{"rendered":"Tweed Haze 550 Winter"},"content":{"rendered":"<p>Tweed Haze 550 Winter<\/p>\n<p>Composi\u00e7\u00e3o:\u00a0 40% Mohair;\u00a0 39% Alpaca;\u00a0 10% Poliamida; 3% Poli\u00e9ster; 8% Algod\u00e3o<\/p>\n<p>Peso: 50 gramas<\/p>\n<p>Comprimento: 120 metros\u00a0 | Bulky<\/p>\n<p>Agulhas: 6 mm<\/p>\n<p>Amostra: 14 malhas\u00a0 por 20 carreiras\u00a0 (10 cm)<\/p>\n<p>Lav\u00e1vel \u00e0 m\u00e3o<\/p>\n","protected":false},"excerpt":{"rendered":"<p>Este\u00a0 luxuoso fio volumoso \u00e9 uma mistura espetacular de kid mohair e alpaca super fino. Quente e aconchegante, mas leve e arejado. O fio \u00e9 salpicado de lindos pontos de tweed que adicionam ainda mais profundidade e interesse at\u00e9 mesmo aos padr\u00f5es de pontos simples. Maravilhoso para acess\u00f3rios externos, casacos aconchegantes e mantas de luxo.<\/p>\n","protected":false},"featured_media":5100,"template":"","meta":{"_et_pb_use_builder":"","_et_pb_old_content":"","_et_gb_content_width":""},"product_brand":[],"product_cat":[77,90,23,20,70,21,75,76,107,359],"product_tag":[],"class_list":{"0":"post-5041","1":"product","2":"type-product","3":"status-publish","4":"has-post-thumbnail","6":"product_cat-algodao","7":"product_cat-bulky","8":"product_cat-espessura","9":"product_cat-fios","10":"product_cat-la","11":"product_cat-marcas","12":"product_cat-mohair","13":"product_cat-poliamida-nylon","14":"product_cat-rowan-marcas","15":"product_cat-tweed-haze","17":"first","18":"instock","19":"shipping-taxable","20":"purchasable","21":"product-type-simple"},"_links":{"self":[{"href":"https:\/\/www.lojameraki.pt\/novo\/wp-json\/wp\/v2\/product\/5041","targetHints":{"allow":["GET"]}}],"collection":[{"href":"https:\/\/www.lojameraki.pt\/novo\/wp-json\/wp\/v2\/product"}],"about":[{"href":"https:\/\/www.lojameraki.pt\/novo\/wp-json\/wp\/v2\/types\/product"}],"wp:featuredmedia":[{"embeddable":true,"href":"https:\/\/www.lojameraki.pt\/novo\/wp-json\/wp\/v2\/media\/5100"}],"wp:attachment":[{"href":"https:\/\/www.lojameraki.pt\/novo\/wp-json\/wp\/v2\/media?parent=5041"}],"wp:term":[{"taxonomy":"product_brand","embeddable":true,"href":"https:\/\/www.lojameraki.pt\/novo\/wp-json\/wp\/v2\/product_brand?post=5041"},{"taxonomy":"product_cat","embeddable":true,"href":"https:\/\/www.lojameraki.pt\/novo\/wp-json\/wp\/v2\/product_cat?post=5041"},{"taxonomy":"product_tag","embeddable":true,"href":"https:\/\/www.lojameraki.pt\/novo\/wp-json\/wp\/v2\/product_tag?post=5041"}],"curies":[{"name":"wp","href":"https:\/\/api.w.org\/{rel}","templated":true}]}}