{"id":5113,"date":"2021-10-28T15:00:57","date_gmt":"2021-10-28T15:00:57","guid":{"rendered":"https:\/\/www.lojameraki.pt\/?post_type=product&#038;p=5113"},"modified":"2023-09-08T11:30:03","modified_gmt":"2023-09-08T11:30:03","slug":"borstet-uld-100","status":"publish","type":"product","link":"https:\/\/www.lojameraki.pt\/novo\/product\/borstet-uld-100\/","title":{"rendered":"Borstet Uld 100"},"content":{"rendered":"<p>Borstet Uld 100<\/p>\n<p>Composi\u00e7\u00e3o:\u00a0 57% L\u00e3;\u00a0 25% Alpaca;\u00a0 80% Nylon<\/p>\n<p>Peso: 50 gramas<\/p>\n<p>Comprimento: 150 metros\u00a0 | Bulky<\/p>\n<p>Agulhas: 7-8 mm<\/p>\n<p>Amostra: 14\/15 malhas (10 cm)<\/p>\n<p>Lav\u00e1vel \u00e0 m\u00e3o<\/p>\n<p>Borstet Uld, significa l\u00e3 escoavada<\/p>\n","protected":false},"excerpt":{"rendered":"<p>Borstet Uld 100 Composi\u00e7\u00e3o:\u00a0 57% L\u00e3;\u00a0 25% Alpaca;\u00a0 80% Nylon Peso: 50 gramas Comprimento: 150 metros\u00a0 | Bulky Agulhas: 7-8 mm Amostra: 14\/15 malhas (10 cm) Lav\u00e1vel \u00e0 m\u00e3o Borstet Uld, significa l\u00e3 escoavada<\/p>\n","protected":false},"featured_media":5109,"template":"","meta":{"_et_pb_use_builder":"","_et_pb_old_content":"","_et_gb_content_width":""},"product_brand":[],"product_cat":[360,90,23,20,96,70,72,21,76],"product_tag":[],"class_list":{"0":"post-5113","1":"product","2":"type-product","3":"status-publish","4":"has-post-thumbnail","6":"product_cat-borstet-uld","7":"product_cat-bulky","8":"product_cat-espessura","9":"product_cat-fios","10":"product_cat-hjerte-garn-marcas","11":"product_cat-la","12":"product_cat-la-alpaca","13":"product_cat-marcas","14":"product_cat-poliamida-nylon","16":"first","17":"instock","18":"shipping-taxable","19":"purchasable","20":"product-type-simple"},"_links":{"self":[{"href":"https:\/\/www.lojameraki.pt\/novo\/wp-json\/wp\/v2\/product\/5113","targetHints":{"allow":["GET"]}}],"collection":[{"href":"https:\/\/www.lojameraki.pt\/novo\/wp-json\/wp\/v2\/product"}],"about":[{"href":"https:\/\/www.lojameraki.pt\/novo\/wp-json\/wp\/v2\/types\/product"}],"wp:featuredmedia":[{"embeddable":true,"href":"https:\/\/www.lojameraki.pt\/novo\/wp-json\/wp\/v2\/media\/5109"}],"wp:attachment":[{"href":"https:\/\/www.lojameraki.pt\/novo\/wp-json\/wp\/v2\/media?parent=5113"}],"wp:term":[{"taxonomy":"product_brand","embeddable":true,"href":"https:\/\/www.lojameraki.pt\/novo\/wp-json\/wp\/v2\/product_brand?post=5113"},{"taxonomy":"product_cat","embeddable":true,"href":"https:\/\/www.lojameraki.pt\/novo\/wp-json\/wp\/v2\/product_cat?post=5113"},{"taxonomy":"product_tag","embeddable":true,"href":"https:\/\/www.lojameraki.pt\/novo\/wp-json\/wp\/v2\/product_tag?post=5113"}],"curies":[{"name":"wp","href":"https:\/\/api.w.org\/{rel}","templated":true}]}}