{"id":5155,"date":"2021-11-10T16:39:07","date_gmt":"2021-11-10T16:39:07","guid":{"rendered":"https:\/\/www.lojameraki.pt\/?post_type=product&#038;p=5155"},"modified":"2025-12-12T11:46:34","modified_gmt":"2025-12-12T11:46:34","slug":"washfilz-it-fine-102","status":"publish","type":"product","link":"https:\/\/www.lojameraki.pt\/novo\/product\/washfilz-it-fine-102\/","title":{"rendered":"Wash+Filz-it Fine 102"},"content":{"rendered":"<p>Wash+Filz-it Fine\u00a0 102<\/p>\n<p>Composi\u00e7\u00e3o:\u00a0 100% l\u00e3 virgem<\/p>\n<p>Peso: 50 gramas<\/p>\n<p>Comprimento: 100 metros\u00a0 | aran<\/p>\n<p>Agulhas: 5 mm<\/p>\n<p>Amostra: 16 malhas x 22 carreiras\u00a0 (10 cm)<\/p>\n<p>Lav\u00e1vel \u00e0 m\u00e3o\u00a0 &#8211; ou m\u00e1quina se o trabalhar for de feltragem<\/p>\n<p>&nbsp;<\/p>\n","protected":false},"excerpt":{"rendered":"<p>fim de stock &#8211; promo\u00e7\u00e3o limitada ao stock existente<\/p>\n","protected":false},"featured_media":5144,"template":"","meta":{"_et_pb_use_builder":"","_et_pb_old_content":"","_et_gb_content_width":""},"product_brand":[],"product_cat":[112,22,23,348,20,70,21,109,363],"product_tag":[],"class_list":{"0":"post-5155","1":"product","2":"type-product","3":"status-publish","4":"has-post-thumbnail","6":"product_cat-aran","7":"product_cat-composicao","8":"product_cat-espessura","9":"product_cat-fim-de-stock","10":"product_cat-fios","11":"product_cat-la","12":"product_cat-marcas","13":"product_cat-schachenmayr-marcas","14":"product_cat-washfilz-it-fine","16":"first","17":"instock","18":"sale","19":"shipping-taxable","20":"purchasable","21":"product-type-simple"},"_links":{"self":[{"href":"https:\/\/www.lojameraki.pt\/novo\/wp-json\/wp\/v2\/product\/5155","targetHints":{"allow":["GET"]}}],"collection":[{"href":"https:\/\/www.lojameraki.pt\/novo\/wp-json\/wp\/v2\/product"}],"about":[{"href":"https:\/\/www.lojameraki.pt\/novo\/wp-json\/wp\/v2\/types\/product"}],"wp:featuredmedia":[{"embeddable":true,"href":"https:\/\/www.lojameraki.pt\/novo\/wp-json\/wp\/v2\/media\/5144"}],"wp:attachment":[{"href":"https:\/\/www.lojameraki.pt\/novo\/wp-json\/wp\/v2\/media?parent=5155"}],"wp:term":[{"taxonomy":"product_brand","embeddable":true,"href":"https:\/\/www.lojameraki.pt\/novo\/wp-json\/wp\/v2\/product_brand?post=5155"},{"taxonomy":"product_cat","embeddable":true,"href":"https:\/\/www.lojameraki.pt\/novo\/wp-json\/wp\/v2\/product_cat?post=5155"},{"taxonomy":"product_tag","embeddable":true,"href":"https:\/\/www.lojameraki.pt\/novo\/wp-json\/wp\/v2\/product_tag?post=5155"}],"curies":[{"name":"wp","href":"https:\/\/api.w.org\/{rel}","templated":true}]}}