{"id":5256,"date":"2021-12-02T11:12:26","date_gmt":"2021-12-02T11:12:26","guid":{"rendered":"https:\/\/www.lojameraki.pt\/?post_type=product&#038;p=5256"},"modified":"2023-09-08T16:24:43","modified_gmt":"2023-09-08T16:24:43","slug":"big-knit-100","status":"publish","type":"product","link":"https:\/\/www.lojameraki.pt\/novo\/product\/big-knit-100\/","title":{"rendered":"Big Knit 100"},"content":{"rendered":"<p>Big Knit 100<\/p>\n<p>Composi\u00e7\u00e3o: 20% l\u00e3; 80 % acr\u00edlico<\/p>\n<p>Peso: 200 gramas<\/p>\n<p>Comprimento: 106 metros |\u00a0 Bulky<\/p>\n<p>Agulhas: 12 mm<\/p>\n<p>Amostra: 7,5 malhas x 10 carreiras\u00a0 (10 cm)<\/p>\n<p>lav\u00e1vel \u00e0 m\u00e3o<\/p>\n","protected":false},"excerpt":{"rendered":"<p>Big Knit 100 Composi\u00e7\u00e3o: 20% l\u00e3; 80 % acr\u00edlico Peso: 200 gramas Comprimento: 106 metros |\u00a0 Bulky Agulhas: 12 mm Amostra: 7,5 malhas x 10 carreiras\u00a0 (10 cm) lav\u00e1vel \u00e0 m\u00e3o<\/p>\n","protected":false},"featured_media":5255,"template":"","meta":{"_et_pb_use_builder":"","_et_pb_old_content":"","_et_gb_content_width":""},"product_brand":[],"product_cat":[82,368,90,22,331,23,20,70,21],"product_tag":[],"class_list":{"0":"post-5256","1":"product","2":"type-product","3":"status-publish","4":"has-post-thumbnail","6":"product_cat-acrilico","7":"product_cat-big-knit","8":"product_cat-bulky","9":"product_cat-composicao","10":"product_cat-dmc","11":"product_cat-espessura","12":"product_cat-fios","13":"product_cat-la","14":"product_cat-marcas","16":"first","17":"instock","18":"shipping-taxable","19":"purchasable","20":"product-type-simple"},"_links":{"self":[{"href":"https:\/\/www.lojameraki.pt\/novo\/wp-json\/wp\/v2\/product\/5256","targetHints":{"allow":["GET"]}}],"collection":[{"href":"https:\/\/www.lojameraki.pt\/novo\/wp-json\/wp\/v2\/product"}],"about":[{"href":"https:\/\/www.lojameraki.pt\/novo\/wp-json\/wp\/v2\/types\/product"}],"wp:featuredmedia":[{"embeddable":true,"href":"https:\/\/www.lojameraki.pt\/novo\/wp-json\/wp\/v2\/media\/5255"}],"wp:attachment":[{"href":"https:\/\/www.lojameraki.pt\/novo\/wp-json\/wp\/v2\/media?parent=5256"}],"wp:term":[{"taxonomy":"product_brand","embeddable":true,"href":"https:\/\/www.lojameraki.pt\/novo\/wp-json\/wp\/v2\/product_brand?post=5256"},{"taxonomy":"product_cat","embeddable":true,"href":"https:\/\/www.lojameraki.pt\/novo\/wp-json\/wp\/v2\/product_cat?post=5256"},{"taxonomy":"product_tag","embeddable":true,"href":"https:\/\/www.lojameraki.pt\/novo\/wp-json\/wp\/v2\/product_tag?post=5256"}],"curies":[{"name":"wp","href":"https:\/\/api.w.org\/{rel}","templated":true}]}}