{"id":5267,"date":"2021-12-02T16:38:41","date_gmt":"2021-12-02T16:38:41","guid":{"rendered":"https:\/\/www.lojameraki.pt\/?post_type=product&#038;p=5267"},"modified":"2023-11-07T18:52:03","modified_gmt":"2023-11-07T18:52:03","slug":"pirouette-708","status":"publish","type":"product","link":"https:\/\/www.lojameraki.pt\/novo\/product\/pirouette-708\/","title":{"rendered":"Pirouette 707"},"content":{"rendered":"<p style=\"text-align: left;\">Pirouette 707<\/p>\n<p>Composi\u00e7\u00e3o: 100 % acr\u00edlico<\/p>\n<p>Peso: 200 gramas<\/p>\n<p>Comprimento: 500 metros |\u00a0 Aran<\/p>\n<p>Agulhas: 5 mm<\/p>\n<p>Amostra: 18 malhas x 24 carreiras\u00a0 (10 cm)<\/p>\n<p>lav\u00e1vel \u00e0 m\u00e1quina<\/p>\n","protected":false},"excerpt":{"rendered":"<p>Pirouette 707 Composi\u00e7\u00e3o: 100 % acr\u00edlico Peso: 200 gramas Comprimento: 500 metros |\u00a0 Aran Agulhas: 5 mm Amostra: 18 malhas x 24 carreiras\u00a0 (10 cm) lav\u00e1vel \u00e0 m\u00e1quina<\/p>\n","protected":false},"featured_media":6398,"template":"","meta":{"_et_pb_use_builder":"","_et_pb_old_content":"","_et_gb_content_width":""},"product_brand":[],"product_cat":[82,112,22,331,23,20,21,370],"product_tag":[],"class_list":{"0":"post-5267","1":"product","2":"type-product","3":"status-publish","4":"has-post-thumbnail","6":"product_cat-acrilico","7":"product_cat-aran","8":"product_cat-composicao","9":"product_cat-dmc","10":"product_cat-espessura","11":"product_cat-fios","12":"product_cat-marcas","13":"product_cat-pirouette","15":"first","16":"outofstock","17":"shipping-taxable","18":"purchasable","19":"product-type-simple"},"_links":{"self":[{"href":"https:\/\/www.lojameraki.pt\/novo\/wp-json\/wp\/v2\/product\/5267","targetHints":{"allow":["GET"]}}],"collection":[{"href":"https:\/\/www.lojameraki.pt\/novo\/wp-json\/wp\/v2\/product"}],"about":[{"href":"https:\/\/www.lojameraki.pt\/novo\/wp-json\/wp\/v2\/types\/product"}],"wp:featuredmedia":[{"embeddable":true,"href":"https:\/\/www.lojameraki.pt\/novo\/wp-json\/wp\/v2\/media\/6398"}],"wp:attachment":[{"href":"https:\/\/www.lojameraki.pt\/novo\/wp-json\/wp\/v2\/media?parent=5267"}],"wp:term":[{"taxonomy":"product_brand","embeddable":true,"href":"https:\/\/www.lojameraki.pt\/novo\/wp-json\/wp\/v2\/product_brand?post=5267"},{"taxonomy":"product_cat","embeddable":true,"href":"https:\/\/www.lojameraki.pt\/novo\/wp-json\/wp\/v2\/product_cat?post=5267"},{"taxonomy":"product_tag","embeddable":true,"href":"https:\/\/www.lojameraki.pt\/novo\/wp-json\/wp\/v2\/product_tag?post=5267"}],"curies":[{"name":"wp","href":"https:\/\/api.w.org\/{rel}","templated":true}]}}