{"id":5412,"date":"2022-01-27T15:40:29","date_gmt":"2022-01-27T15:40:29","guid":{"rendered":"https:\/\/www.lojameraki.pt\/novo\/?post_type=product&#038;p=5412"},"modified":"2022-12-20T14:36:58","modified_gmt":"2022-12-20T14:36:58","slug":"meilenweit-fondo-7876","status":"publish","type":"product","link":"https:\/\/www.lojameraki.pt\/novo\/product\/meilenweit-fondo-7876\/","title":{"rendered":"Meilenweit Fondo 7876"},"content":{"rendered":"<p>Meilenweit Fondo 7876<\/p>\n<p>Composi\u00e7\u00e3o: 75% L\u00e3 virgem;\u00a0 25% Poliamida<\/p>\n<p>Peso: 100 gramas<\/p>\n<p>Comprimento: 420 metros | Fingering<\/p>\n<p>Agulhas: 2,5mm &#8211;\u00a0 3 mm<\/p>\n<p>Amostra: 28 malhas por 40 carreiras\u00a0 (10 cm)<\/p>\n<p>lav\u00e1vel \u00e0 m\u00e1quina<\/p>\n","protected":false},"excerpt":{"rendered":"<p>Meilenweit Fondo 7876 Composi\u00e7\u00e3o: 75% L\u00e3 virgem;\u00a0 25% Poliamida Peso: 100 gramas Comprimento: 420 metros | Fingering Agulhas: 2,5mm &#8211;\u00a0 3 mm Amostra: 28 malhas por 40 carreiras\u00a0 (10 cm) lav\u00e1vel \u00e0 m\u00e1quina<\/p>\n","protected":false},"featured_media":5413,"template":"","meta":{"_et_pb_use_builder":"","_et_pb_old_content":"","_et_gb_content_width":""},"product_brand":[],"product_cat":[22,23,87,20,70,271,21,310,76],"product_tag":[],"class_list":{"0":"post-5412","1":"product","2":"type-product","3":"status-publish","4":"has-post-thumbnail","6":"product_cat-composicao","7":"product_cat-espessura","8":"product_cat-fingering","9":"product_cat-fios","10":"product_cat-la","11":"product_cat-lana-grossa","12":"product_cat-marcas","13":"product_cat-meilenweit","14":"product_cat-poliamida-nylon","16":"first","17":"instock","18":"shipping-taxable","19":"purchasable","20":"product-type-simple"},"_links":{"self":[{"href":"https:\/\/www.lojameraki.pt\/novo\/wp-json\/wp\/v2\/product\/5412","targetHints":{"allow":["GET"]}}],"collection":[{"href":"https:\/\/www.lojameraki.pt\/novo\/wp-json\/wp\/v2\/product"}],"about":[{"href":"https:\/\/www.lojameraki.pt\/novo\/wp-json\/wp\/v2\/types\/product"}],"wp:featuredmedia":[{"embeddable":true,"href":"https:\/\/www.lojameraki.pt\/novo\/wp-json\/wp\/v2\/media\/5413"}],"wp:attachment":[{"href":"https:\/\/www.lojameraki.pt\/novo\/wp-json\/wp\/v2\/media?parent=5412"}],"wp:term":[{"taxonomy":"product_brand","embeddable":true,"href":"https:\/\/www.lojameraki.pt\/novo\/wp-json\/wp\/v2\/product_brand?post=5412"},{"taxonomy":"product_cat","embeddable":true,"href":"https:\/\/www.lojameraki.pt\/novo\/wp-json\/wp\/v2\/product_cat?post=5412"},{"taxonomy":"product_tag","embeddable":true,"href":"https:\/\/www.lojameraki.pt\/novo\/wp-json\/wp\/v2\/product_tag?post=5412"}],"curies":[{"name":"wp","href":"https:\/\/api.w.org\/{rel}","templated":true}]}}