{"id":5420,"date":"2022-01-27T16:06:22","date_gmt":"2022-01-27T16:06:22","guid":{"rendered":"https:\/\/www.lojameraki.pt\/novo\/?post_type=product&#038;p=5420"},"modified":"2025-07-01T00:00:50","modified_gmt":"2025-07-01T00:00:50","slug":"ecopuno-hand-dyed-508-indra","status":"publish","type":"product","link":"https:\/\/www.lojameraki.pt\/novo\/product\/ecopuno-hand-dyed-508-indra\/","title":{"rendered":"Ecopuno hand-dyed  508 Indra"},"content":{"rendered":"<p>Ecopuno hand-dyed 508 Indra<\/p>\n<p>Composi\u00e7\u00e3o: 72% algod\u00e3o;\u00a0 17% l\u00e3 merino; 11% baby alpaca<\/p>\n<p>Peso: 50 gramas<\/p>\n<p>Comprimento: 215 metros | Fingering<\/p>\n<p>Agulhas: 3 mm &#8211;\u00a0 4,5 mm<\/p>\n<p>Amostra: 24 malhas por 30 carreiras\u00a0 (10 cm)<\/p>\n<p>lav\u00e1vel \u00e0 m\u00e3o<\/p>\n","protected":false},"excerpt":{"rendered":"<p>Ecopuno hand-dyed 508 Indra Composi\u00e7\u00e3o: 72% algod\u00e3o;\u00a0 17% l\u00e3 merino; 11% baby alpaca Peso: 50 gramas Comprimento: 215 metros | Fingering Agulhas: 3 mm &#8211;\u00a0 4,5 mm Amostra: 24 malhas por 30 carreiras\u00a0 (10 cm) lav\u00e1vel \u00e0 m\u00e3o<\/p>\n","protected":false},"featured_media":5422,"template":"","meta":{"_et_pb_use_builder":"","_et_pb_old_content":"","_et_gb_content_width":""},"product_brand":[],"product_cat":[77,73,22,373,23,87,20,71,271,21],"product_tag":[],"class_list":{"0":"post-5420","1":"product","2":"type-product","3":"status-publish","4":"has-post-thumbnail","6":"product_cat-algodao","7":"product_cat-baby-alpaca","8":"product_cat-composicao","9":"product_cat-ecopuno-hand-dyed","10":"product_cat-espessura","11":"product_cat-fingering","12":"product_cat-fios","13":"product_cat-la-merino","14":"product_cat-lana-grossa","15":"product_cat-marcas","17":"first","18":"instock","19":"shipping-taxable","20":"purchasable","21":"product-type-simple"},"_links":{"self":[{"href":"https:\/\/www.lojameraki.pt\/novo\/wp-json\/wp\/v2\/product\/5420","targetHints":{"allow":["GET"]}}],"collection":[{"href":"https:\/\/www.lojameraki.pt\/novo\/wp-json\/wp\/v2\/product"}],"about":[{"href":"https:\/\/www.lojameraki.pt\/novo\/wp-json\/wp\/v2\/types\/product"}],"wp:featuredmedia":[{"embeddable":true,"href":"https:\/\/www.lojameraki.pt\/novo\/wp-json\/wp\/v2\/media\/5422"}],"wp:attachment":[{"href":"https:\/\/www.lojameraki.pt\/novo\/wp-json\/wp\/v2\/media?parent=5420"}],"wp:term":[{"taxonomy":"product_brand","embeddable":true,"href":"https:\/\/www.lojameraki.pt\/novo\/wp-json\/wp\/v2\/product_brand?post=5420"},{"taxonomy":"product_cat","embeddable":true,"href":"https:\/\/www.lojameraki.pt\/novo\/wp-json\/wp\/v2\/product_cat?post=5420"},{"taxonomy":"product_tag","embeddable":true,"href":"https:\/\/www.lojameraki.pt\/novo\/wp-json\/wp\/v2\/product_tag?post=5420"}],"curies":[{"name":"wp","href":"https:\/\/api.w.org\/{rel}","templated":true}]}}