{"id":5460,"date":"2022-01-31T16:28:27","date_gmt":"2022-01-31T16:28:27","guid":{"rendered":"https:\/\/www.lojameraki.pt\/novo\/?post_type=product&#038;p=5460"},"modified":"2025-10-29T10:57:26","modified_gmt":"2025-10-29T10:57:26","slug":"new-life-wool-7130","status":"publish","type":"product","link":"https:\/\/www.lojameraki.pt\/novo\/product\/new-life-wool-7130\/","title":{"rendered":"New life wool 7130"},"content":{"rendered":"<p>New life wool 7130<\/p>\n<p>Composi\u00e7\u00e3o: 65% L\u00e3 reciclada; 35%\u00a0\u00a0fibras mistas recicladas<\/p>\n<p>Peso: 100 gramas<\/p>\n<p>Comprimento: 200 metros\u00a0 | Worsted<\/p>\n<p>Agulhas: 5 mm<\/p>\n<p>Amostra: 17\u00a0 malhas\u00a0 (10 cm )<\/p>\n<p>lav\u00e1vel \u00e0 m\u00e1quina<\/p>\n","protected":false},"excerpt":{"rendered":"<p>Um fio 100%\u00a0 de fibras recicladas<\/p>\n","protected":false},"featured_media":5433,"template":"","meta":{"_et_pb_use_builder":"","_et_pb_old_content":"","_et_gb_content_width":""},"product_brand":[],"product_cat":[112,22,23,20,96,70,21,374],"product_tag":[],"class_list":{"0":"post-5460","1":"product","2":"type-product","3":"status-publish","4":"has-post-thumbnail","6":"product_cat-aran","7":"product_cat-composicao","8":"product_cat-espessura","9":"product_cat-fios","10":"product_cat-hjerte-garn-marcas","11":"product_cat-la","12":"product_cat-marcas","13":"product_cat-new-life-wool","15":"first","16":"instock","17":"shipping-taxable","18":"purchasable","19":"product-type-simple"},"_links":{"self":[{"href":"https:\/\/www.lojameraki.pt\/novo\/wp-json\/wp\/v2\/product\/5460","targetHints":{"allow":["GET"]}}],"collection":[{"href":"https:\/\/www.lojameraki.pt\/novo\/wp-json\/wp\/v2\/product"}],"about":[{"href":"https:\/\/www.lojameraki.pt\/novo\/wp-json\/wp\/v2\/types\/product"}],"wp:featuredmedia":[{"embeddable":true,"href":"https:\/\/www.lojameraki.pt\/novo\/wp-json\/wp\/v2\/media\/5433"}],"wp:attachment":[{"href":"https:\/\/www.lojameraki.pt\/novo\/wp-json\/wp\/v2\/media?parent=5460"}],"wp:term":[{"taxonomy":"product_brand","embeddable":true,"href":"https:\/\/www.lojameraki.pt\/novo\/wp-json\/wp\/v2\/product_brand?post=5460"},{"taxonomy":"product_cat","embeddable":true,"href":"https:\/\/www.lojameraki.pt\/novo\/wp-json\/wp\/v2\/product_cat?post=5460"},{"taxonomy":"product_tag","embeddable":true,"href":"https:\/\/www.lojameraki.pt\/novo\/wp-json\/wp\/v2\/product_tag?post=5460"}],"curies":[{"name":"wp","href":"https:\/\/api.w.org\/{rel}","templated":true}]}}