{"id":5480,"date":"2022-02-01T11:26:37","date_gmt":"2022-02-01T11:26:37","guid":{"rendered":"https:\/\/www.lojameraki.pt\/novo\/?post_type=product&#038;p=5480"},"modified":"2023-09-08T11:19:19","modified_gmt":"2023-09-08T11:19:19","slug":"armonia-434","status":"publish","type":"product","link":"https:\/\/www.lojameraki.pt\/novo\/product\/armonia-434\/","title":{"rendered":"Armonia  434"},"content":{"rendered":"<p>Armonia 434<\/p>\n<p>Composi\u00e7\u00e3o: 75% L\u00e3 merino superwash; 25% nylon<\/p>\n<p>Peso: 50 gramas<\/p>\n<p>Comprimento: 200 metros\u00a0 | Fingering<\/p>\n<p>Agulhas: 2,5 &#8211; 3 mm<\/p>\n<p>Amostra: 18\u00a0 malhas\u00a0 (10 cm )<\/p>\n<p>lav\u00e1vel \u00e0 m\u00e1quina<\/p>\n","protected":false},"excerpt":{"rendered":"<p>Armonia 434 Composi\u00e7\u00e3o: 75% L\u00e3 merino superwash; 25% nylon Peso: 50 gramas Comprimento: 200 metros\u00a0 | Fingering Agulhas: 2,5 &#8211; 3 mm Amostra: 18\u00a0 malhas\u00a0 (10 cm ) lav\u00e1vel \u00e0 m\u00e1quina<\/p>\n","protected":false},"featured_media":5475,"template":"","meta":{"_et_pb_use_builder":"","_et_pb_old_content":"","_et_gb_content_width":""},"product_brand":[],"product_cat":[375,22,23,87,20,96,70,21,76],"product_tag":[],"class_list":{"0":"post-5480","1":"product","2":"type-product","3":"status-publish","4":"has-post-thumbnail","6":"product_cat-armonia","7":"product_cat-composicao","8":"product_cat-espessura","9":"product_cat-fingering","10":"product_cat-fios","11":"product_cat-hjerte-garn-marcas","12":"product_cat-la","13":"product_cat-marcas","14":"product_cat-poliamida-nylon","16":"first","17":"instock","18":"shipping-taxable","19":"purchasable","20":"product-type-simple"},"_links":{"self":[{"href":"https:\/\/www.lojameraki.pt\/novo\/wp-json\/wp\/v2\/product\/5480","targetHints":{"allow":["GET"]}}],"collection":[{"href":"https:\/\/www.lojameraki.pt\/novo\/wp-json\/wp\/v2\/product"}],"about":[{"href":"https:\/\/www.lojameraki.pt\/novo\/wp-json\/wp\/v2\/types\/product"}],"wp:featuredmedia":[{"embeddable":true,"href":"https:\/\/www.lojameraki.pt\/novo\/wp-json\/wp\/v2\/media\/5475"}],"wp:attachment":[{"href":"https:\/\/www.lojameraki.pt\/novo\/wp-json\/wp\/v2\/media?parent=5480"}],"wp:term":[{"taxonomy":"product_brand","embeddable":true,"href":"https:\/\/www.lojameraki.pt\/novo\/wp-json\/wp\/v2\/product_brand?post=5480"},{"taxonomy":"product_cat","embeddable":true,"href":"https:\/\/www.lojameraki.pt\/novo\/wp-json\/wp\/v2\/product_cat?post=5480"},{"taxonomy":"product_tag","embeddable":true,"href":"https:\/\/www.lojameraki.pt\/novo\/wp-json\/wp\/v2\/product_tag?post=5480"}],"curies":[{"name":"wp","href":"https:\/\/api.w.org\/{rel}","templated":true}]}}