{"id":5559,"date":"2022-03-01T11:38:11","date_gmt":"2022-03-01T11:38:11","guid":{"rendered":"https:\/\/www.lojameraki.pt\/novo\/?post_type=product&#038;p=5559"},"modified":"2024-09-20T14:08:57","modified_gmt":"2024-09-20T14:08:57","slug":"punto-10-branco","status":"publish","type":"product","link":"https:\/\/www.lojameraki.pt\/novo\/product\/punto-10-branco\/","title":{"rendered":"Punto &#8211;  10 Branco"},"content":{"rendered":"<p>Punto &#8211; 10 Branco<\/p>\n<p>Composi\u00e7\u00e3o: 55% algod\u00e3o; 45% acr\u00edlico<\/p>\n<p>Peso: 50 gramas<\/p>\n<p>Comprimento: 90 metros | Aran<\/p>\n<p>Agulhas: 4,5 &#8211; 5,5mm<\/p>\n<p>Amostra: 18 malhas por 26 carreiras\u00a0 \u00a0(10 x 10 cm)<\/p>\n<p>&nbsp;<\/p>\n","protected":false},"excerpt":{"rendered":"<p>Punto &#8211; 10 Branco Composi\u00e7\u00e3o: 55% algod\u00e3o; 45% acr\u00edlico Peso: 50 gramas Comprimento: 90 metros | Aran Agulhas: 4,5 &#8211; 5,5mm Amostra: 18 malhas por 26 carreiras\u00a0 \u00a0(10 x 10 cm) &nbsp;<\/p>\n","protected":false},"featured_media":5551,"template":"","meta":{"_et_pb_use_builder":"","_et_pb_old_content":"","_et_gb_content_width":""},"product_brand":[],"product_cat":[82,77,112,22,23,20,21,26,377,109],"product_tag":[],"class_list":{"0":"post-5559","1":"product","2":"type-product","3":"status-publish","4":"has-post-thumbnail","6":"product_cat-acrilico","7":"product_cat-algodao","8":"product_cat-aran","9":"product_cat-composicao","10":"product_cat-espessura","11":"product_cat-fios","12":"product_cat-marcas","13":"product_cat-primavera-verao","14":"product_cat-punto","15":"product_cat-schachenmayr-marcas","17":"first","18":"instock","19":"shipping-taxable","20":"purchasable","21":"product-type-simple"},"_links":{"self":[{"href":"https:\/\/www.lojameraki.pt\/novo\/wp-json\/wp\/v2\/product\/5559","targetHints":{"allow":["GET"]}}],"collection":[{"href":"https:\/\/www.lojameraki.pt\/novo\/wp-json\/wp\/v2\/product"}],"about":[{"href":"https:\/\/www.lojameraki.pt\/novo\/wp-json\/wp\/v2\/types\/product"}],"wp:featuredmedia":[{"embeddable":true,"href":"https:\/\/www.lojameraki.pt\/novo\/wp-json\/wp\/v2\/media\/5551"}],"wp:attachment":[{"href":"https:\/\/www.lojameraki.pt\/novo\/wp-json\/wp\/v2\/media?parent=5559"}],"wp:term":[{"taxonomy":"product_brand","embeddable":true,"href":"https:\/\/www.lojameraki.pt\/novo\/wp-json\/wp\/v2\/product_brand?post=5559"},{"taxonomy":"product_cat","embeddable":true,"href":"https:\/\/www.lojameraki.pt\/novo\/wp-json\/wp\/v2\/product_cat?post=5559"},{"taxonomy":"product_tag","embeddable":true,"href":"https:\/\/www.lojameraki.pt\/novo\/wp-json\/wp\/v2\/product_tag?post=5559"}],"curies":[{"name":"wp","href":"https:\/\/api.w.org\/{rel}","templated":true}]}}