{"id":5585,"date":"2022-03-08T12:30:34","date_gmt":"2022-03-08T12:30:34","guid":{"rendered":"https:\/\/www.lojameraki.pt\/novo\/?post_type=product&#038;p=5585"},"modified":"2026-03-27T18:36:40","modified_gmt":"2026-03-27T18:36:40","slug":"odemira-03","status":"publish","type":"product","link":"https:\/\/www.lojameraki.pt\/novo\/product\/odemira-03\/","title":{"rendered":"Odemira 03"},"content":{"rendered":"<p>Odemira 03<\/p>\n<p>Composi\u00e7\u00e3o: 100% algod\u00e3o org\u00e2nico<\/p>\n<p>Peso: 50 gramas<\/p>\n<p>Comprimento: 130 metros | Light fingering<\/p>\n<p>Agulhas: 3,5 &#8211; 4 mm<\/p>\n<p>Amostra: 20 malhas por 32 carreiras\u00a0 \u00a0(10 x 10 cm)<\/p>\n<p>tingimento artesanal<\/p>\n","protected":false},"excerpt":{"rendered":"<p>Odemira 03 Composi\u00e7\u00e3o: 100% algod\u00e3o org\u00e2nico Peso: 50 gramas Comprimento: 130 metros | Light fingering Agulhas: 3,5 &#8211; 4 mm Amostra: 20 malhas por 32 carreiras\u00a0 \u00a0(10 x 10 cm) tingimento artesanal<\/p>\n","protected":false},"featured_media":5578,"template":"","meta":{"_et_pb_use_builder":"","_et_pb_old_content":"","_et_gb_content_width":""},"product_brand":[],"product_cat":[77,22,88,23,20,21,378,26,95],"product_tag":[],"class_list":{"0":"post-5585","1":"product","2":"type-product","3":"status-publish","4":"has-post-thumbnail","6":"product_cat-algodao","7":"product_cat-composicao","8":"product_cat-dk","9":"product_cat-espessura","10":"product_cat-fios","11":"product_cat-marcas","12":"product_cat-odemira","13":"product_cat-primavera-verao","14":"product_cat-rosarios-4-marcas","16":"first","17":"instock","18":"shipping-taxable","19":"purchasable","20":"product-type-simple"},"_links":{"self":[{"href":"https:\/\/www.lojameraki.pt\/novo\/wp-json\/wp\/v2\/product\/5585","targetHints":{"allow":["GET"]}}],"collection":[{"href":"https:\/\/www.lojameraki.pt\/novo\/wp-json\/wp\/v2\/product"}],"about":[{"href":"https:\/\/www.lojameraki.pt\/novo\/wp-json\/wp\/v2\/types\/product"}],"wp:featuredmedia":[{"embeddable":true,"href":"https:\/\/www.lojameraki.pt\/novo\/wp-json\/wp\/v2\/media\/5578"}],"wp:attachment":[{"href":"https:\/\/www.lojameraki.pt\/novo\/wp-json\/wp\/v2\/media?parent=5585"}],"wp:term":[{"taxonomy":"product_brand","embeddable":true,"href":"https:\/\/www.lojameraki.pt\/novo\/wp-json\/wp\/v2\/product_brand?post=5585"},{"taxonomy":"product_cat","embeddable":true,"href":"https:\/\/www.lojameraki.pt\/novo\/wp-json\/wp\/v2\/product_cat?post=5585"},{"taxonomy":"product_tag","embeddable":true,"href":"https:\/\/www.lojameraki.pt\/novo\/wp-json\/wp\/v2\/product_tag?post=5585"}],"curies":[{"name":"wp","href":"https:\/\/api.w.org\/{rel}","templated":true}]}}