{"id":5637,"date":"2022-03-09T10:46:36","date_gmt":"2022-03-09T10:46:36","guid":{"rendered":"https:\/\/www.lojameraki.pt\/novo\/?post_type=product&#038;p=5637"},"modified":"2024-07-03T11:40:53","modified_gmt":"2024-07-03T11:40:53","slug":"cotton-bambulino-02","status":"publish","type":"product","link":"https:\/\/www.lojameraki.pt\/novo\/product\/cotton-bambulino-02\/","title":{"rendered":"Cotton Bambulino 02"},"content":{"rendered":"<p>Cotton Bambulino 02 &#8211; Branco<\/p>\n<p>Composi\u00e7\u00e3o: 60% algod\u00e3o; 30 % viscose; 10 % linho<\/p>\n<p>Peso: 50 gramas<\/p>\n<p>Comprimento: 165 metros | Fingering<\/p>\n<p>Agulhas: 2,5 &#8211; 3,5 mm<\/p>\n<p>Amostra: 25 malhas por 36 carreiras\u00a0 \u00a0(10 x 10 cm)<\/p>\n<p>&nbsp;<\/p>\n","protected":false},"excerpt":{"rendered":"<p>Cotton Bambulino 02 &#8211; Branco Composi\u00e7\u00e3o: 60% algod\u00e3o; 30 % viscose; 10 % linho Peso: 50 gramas Comprimento: 165 metros | Fingering Agulhas: 2,5 &#8211; 3,5 mm Amostra: 25 malhas por 36 carreiras\u00a0 \u00a0(10 x 10 cm) &nbsp;<\/p>\n","protected":false},"featured_media":0,"template":"","meta":{"_et_pb_use_builder":"","_et_pb_old_content":"","_et_gb_content_width":""},"product_brand":[],"product_cat":[77,83,22,455,23,87,20,21,26,109,80],"product_tag":[],"class_list":{"0":"post-5637","1":"product","2":"type-product","3":"status-publish","5":"product_cat-algodao","6":"product_cat-bambu","7":"product_cat-composicao","8":"product_cat-cotton-bambulino","9":"product_cat-espessura","10":"product_cat-fingering","11":"product_cat-fios","12":"product_cat-marcas","13":"product_cat-primavera-verao","14":"product_cat-schachenmayr-marcas","15":"product_cat-viscose","17":"first","18":"outofstock","19":"shipping-taxable","20":"purchasable","21":"product-type-simple"},"_links":{"self":[{"href":"https:\/\/www.lojameraki.pt\/novo\/wp-json\/wp\/v2\/product\/5637","targetHints":{"allow":["GET"]}}],"collection":[{"href":"https:\/\/www.lojameraki.pt\/novo\/wp-json\/wp\/v2\/product"}],"about":[{"href":"https:\/\/www.lojameraki.pt\/novo\/wp-json\/wp\/v2\/types\/product"}],"wp:attachment":[{"href":"https:\/\/www.lojameraki.pt\/novo\/wp-json\/wp\/v2\/media?parent=5637"}],"wp:term":[{"taxonomy":"product_brand","embeddable":true,"href":"https:\/\/www.lojameraki.pt\/novo\/wp-json\/wp\/v2\/product_brand?post=5637"},{"taxonomy":"product_cat","embeddable":true,"href":"https:\/\/www.lojameraki.pt\/novo\/wp-json\/wp\/v2\/product_cat?post=5637"},{"taxonomy":"product_tag","embeddable":true,"href":"https:\/\/www.lojameraki.pt\/novo\/wp-json\/wp\/v2\/product_tag?post=5637"}],"curies":[{"name":"wp","href":"https:\/\/api.w.org\/{rel}","templated":true}]}}