{"id":5642,"date":"2022-03-09T11:01:24","date_gmt":"2022-03-09T11:01:24","guid":{"rendered":"https:\/\/www.lojameraki.pt\/novo\/?post_type=product&#038;p=5642"},"modified":"2025-05-05T10:06:18","modified_gmt":"2025-05-05T10:06:18","slug":"cotton-bambulino-50","status":"publish","type":"product","link":"https:\/\/www.lojameraki.pt\/novo\/product\/cotton-bambulino-50\/","title":{"rendered":"Cotton Bambulino 50"},"content":{"rendered":"<p>Cotton Bambulino 50 &#8211; azul<\/p>\n<p>Composi\u00e7\u00e3o: 60% algod\u00e3o; 30 % viscose; 10 % linho<\/p>\n<p>Peso: 50 gramas<\/p>\n<p>Comprimento: 165 metros | Fingering<\/p>\n<p>Agulhas: 2,5 &#8211; 3,5 mm<\/p>\n<p>Amostra: 25 malhas por 36 carreiras\u00a0 \u00a0(10 x 10 cm)<\/p>\n<p>&nbsp;<\/p>\n","protected":false},"excerpt":{"rendered":"<p>Cotton Bambulino 50 &#8211; azul Composi\u00e7\u00e3o: 60% algod\u00e3o; 30 % viscose; 10 % linho Peso: 50 gramas Comprimento: 165 metros | Fingering Agulhas: 2,5 &#8211; 3,5 mm Amostra: 25 malhas por 36 carreiras\u00a0 \u00a0(10 x 10 cm) &nbsp;<\/p>\n","protected":false},"featured_media":5615,"template":"","meta":{"_et_pb_use_builder":"","_et_pb_old_content":"","_et_gb_content_width":""},"product_brand":[],"product_cat":[77,83,22,455,23,87,20,21,26,109,80],"product_tag":[],"class_list":{"0":"post-5642","1":"product","2":"type-product","3":"status-publish","4":"has-post-thumbnail","6":"product_cat-algodao","7":"product_cat-bambu","8":"product_cat-composicao","9":"product_cat-cotton-bambulino","10":"product_cat-espessura","11":"product_cat-fingering","12":"product_cat-fios","13":"product_cat-marcas","14":"product_cat-primavera-verao","15":"product_cat-schachenmayr-marcas","16":"product_cat-viscose","18":"first","19":"instock","20":"shipping-taxable","21":"purchasable","22":"product-type-simple"},"_links":{"self":[{"href":"https:\/\/www.lojameraki.pt\/novo\/wp-json\/wp\/v2\/product\/5642","targetHints":{"allow":["GET"]}}],"collection":[{"href":"https:\/\/www.lojameraki.pt\/novo\/wp-json\/wp\/v2\/product"}],"about":[{"href":"https:\/\/www.lojameraki.pt\/novo\/wp-json\/wp\/v2\/types\/product"}],"wp:featuredmedia":[{"embeddable":true,"href":"https:\/\/www.lojameraki.pt\/novo\/wp-json\/wp\/v2\/media\/5615"}],"wp:attachment":[{"href":"https:\/\/www.lojameraki.pt\/novo\/wp-json\/wp\/v2\/media?parent=5642"}],"wp:term":[{"taxonomy":"product_brand","embeddable":true,"href":"https:\/\/www.lojameraki.pt\/novo\/wp-json\/wp\/v2\/product_brand?post=5642"},{"taxonomy":"product_cat","embeddable":true,"href":"https:\/\/www.lojameraki.pt\/novo\/wp-json\/wp\/v2\/product_cat?post=5642"},{"taxonomy":"product_tag","embeddable":true,"href":"https:\/\/www.lojameraki.pt\/novo\/wp-json\/wp\/v2\/product_tag?post=5642"}],"curies":[{"name":"wp","href":"https:\/\/api.w.org\/{rel}","templated":true}]}}