{"id":585,"date":"2018-05-18T15:07:58","date_gmt":"2018-05-18T15:07:58","guid":{"rendered":"http:\/\/www.lojameraki.pt\/novo\/?post_type=product&#038;p=585"},"modified":"2026-05-02T09:49:23","modified_gmt":"2026-05-02T09:49:23","slug":"meadow-red-clover","status":"publish","type":"product","link":"https:\/\/www.lojameraki.pt\/novo\/product\/meadow-red-clover\/","title":{"rendered":"Meadow  Red Clover"},"content":{"rendered":"<p>Meadow Red Clover<\/p>\n<p>Composi\u00e7\u00e3o:\u00a0 40%\u00a0 L\u00e3; 25% l\u00e3 lama; 20% seda; 15% linho<\/p>\n<p>Peso: 100 gramas<\/p>\n<p>Comprimento: 498 metros\u00a0 | lace<\/p>\n<p>Agulhas: 2,25 &#8211; 3,25 mm<\/p>\n<p>Amostra: 32 &#8211; 36 malhas\u00a0 \u00a0(10 cm )<\/p>\n<p>Lav\u00e1vel \u00e0 m\u00e3o<\/p>\n","protected":false},"excerpt":{"rendered":"<p>Meadow Red Clover Composi\u00e7\u00e3o:\u00a0 40%\u00a0 L\u00e3; 25% l\u00e3 lama; 20% seda; 15% linho Peso: 100 gramas Comprimento: 498 metros\u00a0 | lace Agulhas: 2,25 &#8211; 3,25 mm Amostra: 32 &#8211; 36 malhas\u00a0 \u00a0(10 cm ) Lav\u00e1vel \u00e0 m\u00e3o<\/p>\n","protected":false},"featured_media":580,"template":"","meta":{"_et_pb_use_builder":"","_et_pb_old_content":"","_et_gb_content_width":""},"product_brand":[],"product_cat":[22,23,20,70,86,79,21,181,74,100],"product_tag":[],"class_list":{"0":"post-585","1":"product","2":"type-product","3":"status-publish","4":"has-post-thumbnail","6":"product_cat-composicao","7":"product_cat-espessura","8":"product_cat-fios","9":"product_cat-la","10":"product_cat-lace","11":"product_cat-linho","12":"product_cat-marcas","13":"product_cat-meadow","14":"product_cat-seda","15":"product_cat-the-fibre-co-marcas","17":"first","18":"instock","19":"shipping-taxable","20":"purchasable","21":"product-type-simple"},"_links":{"self":[{"href":"https:\/\/www.lojameraki.pt\/novo\/wp-json\/wp\/v2\/product\/585","targetHints":{"allow":["GET"]}}],"collection":[{"href":"https:\/\/www.lojameraki.pt\/novo\/wp-json\/wp\/v2\/product"}],"about":[{"href":"https:\/\/www.lojameraki.pt\/novo\/wp-json\/wp\/v2\/types\/product"}],"wp:featuredmedia":[{"embeddable":true,"href":"https:\/\/www.lojameraki.pt\/novo\/wp-json\/wp\/v2\/media\/580"}],"wp:attachment":[{"href":"https:\/\/www.lojameraki.pt\/novo\/wp-json\/wp\/v2\/media?parent=585"}],"wp:term":[{"taxonomy":"product_brand","embeddable":true,"href":"https:\/\/www.lojameraki.pt\/novo\/wp-json\/wp\/v2\/product_brand?post=585"},{"taxonomy":"product_cat","embeddable":true,"href":"https:\/\/www.lojameraki.pt\/novo\/wp-json\/wp\/v2\/product_cat?post=585"},{"taxonomy":"product_tag","embeddable":true,"href":"https:\/\/www.lojameraki.pt\/novo\/wp-json\/wp\/v2\/product_tag?post=585"}],"curies":[{"name":"wp","href":"https:\/\/api.w.org\/{rel}","templated":true}]}}