{"id":5856,"date":"2022-05-03T16:43:50","date_gmt":"2022-05-03T16:43:50","guid":{"rendered":"https:\/\/www.lojameraki.pt\/novo\/?post_type=product&#038;p=5856"},"modified":"2022-11-03T10:48:51","modified_gmt":"2022-11-03T10:48:51","slug":"silkhair-haze-degrade-1108","status":"publish","type":"product","link":"https:\/\/www.lojameraki.pt\/novo\/product\/silkhair-haze-degrade-1108\/","title":{"rendered":"SilkHair Haze Degrad\u00e9 1108"},"content":{"rendered":"<p>SilkHair Haze Degrad\u00e9 1108<\/p>\n<p>Composi\u00e7\u00e3o: 70%\u00a0 Mohair ;\u00a0 30% seda<\/p>\n<p>Peso: 50 gramas<\/p>\n<p>Comprimento: 425 metros | Fingering<\/p>\n<p>Agulhas: 4,5 mm<\/p>\n<p>Amostra: 22 malhas por\u00a0 27 carreiras\u00a0 (10 cm)<\/p>\n<p>lav\u00e1vel \u00e0 m\u00e3o<\/p>\n","protected":false},"excerpt":{"rendered":"<p>SilkHair Haze Degrad\u00e9 1108 Composi\u00e7\u00e3o: 70%\u00a0 Mohair ;\u00a0 30% seda Peso: 50 gramas Comprimento: 425 metros | Fingering Agulhas: 4,5 mm Amostra: 22 malhas por\u00a0 27 carreiras\u00a0 (10 cm) lav\u00e1vel \u00e0 m\u00e3o<\/p>\n","protected":false},"featured_media":5846,"template":"","meta":{"_et_pb_use_builder":"","_et_pb_old_content":"","_et_gb_content_width":""},"product_brand":[],"product_cat":[22,23,87,20,271,21,75,74,392],"product_tag":[],"class_list":{"0":"post-5856","1":"product","2":"type-product","3":"status-publish","4":"has-post-thumbnail","6":"product_cat-composicao","7":"product_cat-espessura","8":"product_cat-fingering","9":"product_cat-fios","10":"product_cat-lana-grossa","11":"product_cat-marcas","12":"product_cat-mohair","13":"product_cat-seda","14":"product_cat-silkhair-haze-print-degrade","16":"first","17":"instock","18":"shipping-taxable","19":"purchasable","20":"product-type-simple"},"_links":{"self":[{"href":"https:\/\/www.lojameraki.pt\/novo\/wp-json\/wp\/v2\/product\/5856","targetHints":{"allow":["GET"]}}],"collection":[{"href":"https:\/\/www.lojameraki.pt\/novo\/wp-json\/wp\/v2\/product"}],"about":[{"href":"https:\/\/www.lojameraki.pt\/novo\/wp-json\/wp\/v2\/types\/product"}],"wp:featuredmedia":[{"embeddable":true,"href":"https:\/\/www.lojameraki.pt\/novo\/wp-json\/wp\/v2\/media\/5846"}],"wp:attachment":[{"href":"https:\/\/www.lojameraki.pt\/novo\/wp-json\/wp\/v2\/media?parent=5856"}],"wp:term":[{"taxonomy":"product_brand","embeddable":true,"href":"https:\/\/www.lojameraki.pt\/novo\/wp-json\/wp\/v2\/product_brand?post=5856"},{"taxonomy":"product_cat","embeddable":true,"href":"https:\/\/www.lojameraki.pt\/novo\/wp-json\/wp\/v2\/product_cat?post=5856"},{"taxonomy":"product_tag","embeddable":true,"href":"https:\/\/www.lojameraki.pt\/novo\/wp-json\/wp\/v2\/product_tag?post=5856"}],"curies":[{"name":"wp","href":"https:\/\/api.w.org\/{rel}","templated":true}]}}