{"id":5857,"date":"2022-05-03T17:56:18","date_gmt":"2022-05-03T17:56:18","guid":{"rendered":"https:\/\/www.lojameraki.pt\/novo\/?post_type=product&#038;p=5857"},"modified":"2026-03-28T12:42:19","modified_gmt":"2026-03-28T12:42:19","slug":"alvor-15","status":"publish","type":"product","link":"https:\/\/www.lojameraki.pt\/novo\/product\/alvor-15\/","title":{"rendered":"Alvor 15"},"content":{"rendered":"<p>Alvor 15<\/p>\n<p>Composi\u00e7\u00e3o: 50% l\u00e3; 50% linho<\/p>\n<p>Peso: 100 gramas<\/p>\n<p>Comprimento: 310 metros | Sport<\/p>\n<p>Agulhas: 3 &#8211; 4mm<\/p>\n<p>Amostra:\u00a0 24 malhas por 34 carreiras\u00a0 \u00a0(10 x 10 cm)<\/p>\n<p>&nbsp;<\/p>\n","protected":false},"excerpt":{"rendered":"<p>Alvor 15 Composi\u00e7\u00e3o: 50% l\u00e3; 50% linho Peso: 100 gramas Comprimento: 310 metros | Sport Agulhas: 3 &#8211; 4mm Amostra:\u00a0 24 malhas por 34 carreiras\u00a0 \u00a0(10 x 10 cm) &nbsp;<\/p>\n","protected":false},"featured_media":5858,"template":"","meta":{"_et_pb_use_builder":"","_et_pb_old_content":"","_et_gb_content_width":""},"product_brand":[],"product_cat":[376,22,23,20,70,79,21,95,110],"product_tag":[],"class_list":{"0":"post-5857","1":"product","2":"type-product","3":"status-publish","4":"has-post-thumbnail","6":"product_cat-alvor","7":"product_cat-composicao","8":"product_cat-espessura","9":"product_cat-fios","10":"product_cat-la","11":"product_cat-linho","12":"product_cat-marcas","13":"product_cat-rosarios-4-marcas","14":"product_cat-sport","16":"first","17":"instock","18":"shipping-taxable","19":"purchasable","20":"product-type-simple"},"_links":{"self":[{"href":"https:\/\/www.lojameraki.pt\/novo\/wp-json\/wp\/v2\/product\/5857","targetHints":{"allow":["GET"]}}],"collection":[{"href":"https:\/\/www.lojameraki.pt\/novo\/wp-json\/wp\/v2\/product"}],"about":[{"href":"https:\/\/www.lojameraki.pt\/novo\/wp-json\/wp\/v2\/types\/product"}],"wp:featuredmedia":[{"embeddable":true,"href":"https:\/\/www.lojameraki.pt\/novo\/wp-json\/wp\/v2\/media\/5858"}],"wp:attachment":[{"href":"https:\/\/www.lojameraki.pt\/novo\/wp-json\/wp\/v2\/media?parent=5857"}],"wp:term":[{"taxonomy":"product_brand","embeddable":true,"href":"https:\/\/www.lojameraki.pt\/novo\/wp-json\/wp\/v2\/product_brand?post=5857"},{"taxonomy":"product_cat","embeddable":true,"href":"https:\/\/www.lojameraki.pt\/novo\/wp-json\/wp\/v2\/product_cat?post=5857"},{"taxonomy":"product_tag","embeddable":true,"href":"https:\/\/www.lojameraki.pt\/novo\/wp-json\/wp\/v2\/product_tag?post=5857"}],"curies":[{"name":"wp","href":"https:\/\/api.w.org\/{rel}","templated":true}]}}