{"id":586,"date":"2018-05-18T15:08:59","date_gmt":"2018-05-18T15:08:59","guid":{"rendered":"http:\/\/www.lojameraki.pt\/novo\/?post_type=product&#038;p=586"},"modified":"2022-01-10T15:45:38","modified_gmt":"2022-01-10T15:45:38","slug":"canopy-fingering-jacaranda","status":"publish","type":"product","link":"https:\/\/www.lojameraki.pt\/novo\/product\/canopy-fingering-jacaranda\/","title":{"rendered":"Canopy fingering &#8211; Jacaranda"},"content":{"rendered":"<p>Canopy fingering &#8211; Jacaranda<\/p>\n<p>Composi\u00e7\u00e3o:\u00a0 50%\u00a0 L\u00e3 alpaca; 20% viscose\u00a0 de bambu<\/p>\n<p>Peso: 50 gramas<\/p>\n<p>Comprimento: 183 metros\u00a0 | fingering<\/p>\n<p>Agulhas: 2,75 &#8211; 3,25 mm<\/p>\n<p>Amostra: 28 &#8211; 32 malhas\u00a0 \u00a0(10 cm )<\/p>\n<p>Lav\u00e1vel \u00e0 m\u00e3o<\/p>\n","protected":false},"excerpt":{"rendered":"<p>Canopy fingering &#8211; Jacaranda Composi\u00e7\u00e3o:\u00a0 50%\u00a0 L\u00e3 alpaca; 20% viscose\u00a0 de bambu Peso: 50 gramas Comprimento: 183 metros\u00a0 | fingering Agulhas: 2,75 &#8211; 3,25 mm Amostra: 28 &#8211; 32 malhas\u00a0 \u00a0(10 cm ) Lav\u00e1vel \u00e0 m\u00e3o<\/p>\n","protected":false},"featured_media":577,"template":"","meta":{"_et_pb_use_builder":"","_et_pb_old_content":"","_et_gb_content_width":""},"product_brand":[],"product_cat":[83,22,23,87,20,72,21,74,100],"product_tag":[],"class_list":{"0":"post-586","1":"product","2":"type-product","3":"status-publish","4":"has-post-thumbnail","6":"product_cat-bambu","7":"product_cat-composicao","8":"product_cat-espessura","9":"product_cat-fingering","10":"product_cat-fios","11":"product_cat-la-alpaca","12":"product_cat-marcas","13":"product_cat-seda","14":"product_cat-the-fibre-co-marcas","16":"first","17":"instock","18":"shipping-taxable","19":"purchasable","20":"product-type-simple"},"_links":{"self":[{"href":"https:\/\/www.lojameraki.pt\/novo\/wp-json\/wp\/v2\/product\/586","targetHints":{"allow":["GET"]}}],"collection":[{"href":"https:\/\/www.lojameraki.pt\/novo\/wp-json\/wp\/v2\/product"}],"about":[{"href":"https:\/\/www.lojameraki.pt\/novo\/wp-json\/wp\/v2\/types\/product"}],"wp:featuredmedia":[{"embeddable":true,"href":"https:\/\/www.lojameraki.pt\/novo\/wp-json\/wp\/v2\/media\/577"}],"wp:attachment":[{"href":"https:\/\/www.lojameraki.pt\/novo\/wp-json\/wp\/v2\/media?parent=586"}],"wp:term":[{"taxonomy":"product_brand","embeddable":true,"href":"https:\/\/www.lojameraki.pt\/novo\/wp-json\/wp\/v2\/product_brand?post=586"},{"taxonomy":"product_cat","embeddable":true,"href":"https:\/\/www.lojameraki.pt\/novo\/wp-json\/wp\/v2\/product_cat?post=586"},{"taxonomy":"product_tag","embeddable":true,"href":"https:\/\/www.lojameraki.pt\/novo\/wp-json\/wp\/v2\/product_tag?post=586"}],"curies":[{"name":"wp","href":"https:\/\/api.w.org\/{rel}","templated":true}]}}