{"id":588,"date":"2018-05-18T15:14:19","date_gmt":"2018-05-18T15:14:19","guid":{"rendered":"http:\/\/www.lojameraki.pt\/novo\/?post_type=product&#038;p=588"},"modified":"2022-01-10T15:38:40","modified_gmt":"2022-01-10T15:38:40","slug":"noro-garden-sock-s87","status":"publish","type":"product","link":"https:\/\/www.lojameraki.pt\/novo\/product\/noro-garden-sock-s87\/","title":{"rendered":"Noro Silk Garden Sock &#8211; S87"},"content":{"rendered":"<p>Noro\u00a0 Silk Garden Sock &#8211; S87<\/p>\n<p>Composi\u00e7\u00e3o:\u00a0 40%\u00a0 L\u00e3; 25% Seda; 25% Poliamida; 10% Mohair<\/p>\n<p>Peso: 100 gramas<\/p>\n<p>Comprimento: 300 metros\u00a0 | sport<\/p>\n<p>Agulhas: 3,5 &#8211; 4mm<\/p>\n<p>Amostra: 20 &#8211; 28 malhas\u00a0 \u00a0(10 cm )<\/p>\n<p>Lav\u00e1vel \u00e0 m\u00e3o<\/p>\n","protected":false},"excerpt":{"rendered":"<p>Noro\u00a0 Silk Garden Sock &#8211; S87 Composi\u00e7\u00e3o:\u00a0 40%\u00a0 L\u00e3; 25% Seda; 25% Poliamida; 10% Mohair Peso: 100 gramas Comprimento: 300 metros\u00a0 | sport Agulhas: 3,5 &#8211; 4mm Amostra: 20 &#8211; 28 malhas\u00a0 \u00a0(10 cm ) Lav\u00e1vel \u00e0 m\u00e3o<\/p>\n","protected":false},"featured_media":589,"template":"","meta":{"_et_pb_use_builder":"","_et_pb_old_content":"","_et_gb_content_width":""},"product_brand":[],"product_cat":[22,23,87,20,70,21,75,126,76,74,182],"product_tag":[],"class_list":{"0":"post-588","1":"product","2":"type-product","3":"status-publish","4":"has-post-thumbnail","6":"product_cat-composicao","7":"product_cat-espessura","8":"product_cat-fingering","9":"product_cat-fios","10":"product_cat-la","11":"product_cat-marcas","12":"product_cat-mohair","13":"product_cat-noro-marcas","14":"product_cat-poliamida-nylon","15":"product_cat-seda","16":"product_cat-silk-garden-sock","18":"first","19":"outofstock","20":"shipping-taxable","21":"purchasable","22":"product-type-simple"},"_links":{"self":[{"href":"https:\/\/www.lojameraki.pt\/novo\/wp-json\/wp\/v2\/product\/588","targetHints":{"allow":["GET"]}}],"collection":[{"href":"https:\/\/www.lojameraki.pt\/novo\/wp-json\/wp\/v2\/product"}],"about":[{"href":"https:\/\/www.lojameraki.pt\/novo\/wp-json\/wp\/v2\/types\/product"}],"wp:featuredmedia":[{"embeddable":true,"href":"https:\/\/www.lojameraki.pt\/novo\/wp-json\/wp\/v2\/media\/589"}],"wp:attachment":[{"href":"https:\/\/www.lojameraki.pt\/novo\/wp-json\/wp\/v2\/media?parent=588"}],"wp:term":[{"taxonomy":"product_brand","embeddable":true,"href":"https:\/\/www.lojameraki.pt\/novo\/wp-json\/wp\/v2\/product_brand?post=588"},{"taxonomy":"product_cat","embeddable":true,"href":"https:\/\/www.lojameraki.pt\/novo\/wp-json\/wp\/v2\/product_cat?post=588"},{"taxonomy":"product_tag","embeddable":true,"href":"https:\/\/www.lojameraki.pt\/novo\/wp-json\/wp\/v2\/product_tag?post=588"}],"curies":[{"name":"wp","href":"https:\/\/api.w.org\/{rel}","templated":true}]}}