{"id":5950,"date":"2022-06-29T10:20:24","date_gmt":"2022-06-29T10:20:24","guid":{"rendered":"https:\/\/www.lojameraki.pt\/novo\/?post_type=product&#038;p=5950"},"modified":"2023-07-28T11:47:28","modified_gmt":"2023-07-28T11:47:28","slug":"alegria-brightidea","status":"publish","type":"product","link":"https:\/\/www.lojameraki.pt\/novo\/product\/alegria-brightidea\/","title":{"rendered":"Alegria Butterfly"},"content":{"rendered":"<p>Alegria Butterfly<\/p>\n<p>Composi\u00e7\u00e3o: 75% L\u00e3; 25% Poliamida<\/p>\n<p>Peso: 100 gramas<\/p>\n<p>Comprimento: 405 metros\u00a0 | Fingering<\/p>\n<p>Agulhas: 2,5 &#8211; 3,5 mm<\/p>\n<p>Amostra: 30 malhas (10 cm)<\/p>\n<p>lav\u00e1vel \u00e0 m\u00e1quina<\/p>\n","protected":false},"excerpt":{"rendered":"<p>Alegria Butterfly Composi\u00e7\u00e3o: 75% L\u00e3; 25% Poliamida Peso: 100 gramas Comprimento: 405 metros\u00a0 | Fingering Agulhas: 2,5 &#8211; 3,5 mm Amostra: 30 malhas (10 cm) lav\u00e1vel \u00e0 m\u00e1quina<\/p>\n","protected":false},"featured_media":7657,"template":"","meta":{"_et_pb_use_builder":"","_et_pb_old_content":"","_et_gb_content_width":""},"product_brand":[],"product_cat":[194,22,23,87,20,70,99,21,76],"product_tag":[],"class_list":{"0":"post-5950","1":"product","2":"type-product","3":"status-publish","4":"has-post-thumbnail","6":"product_cat-alegria","7":"product_cat-composicao","8":"product_cat-espessura","9":"product_cat-fingering","10":"product_cat-fios","11":"product_cat-la","12":"product_cat-manos-del-uruguay-marcas","13":"product_cat-marcas","14":"product_cat-poliamida-nylon","16":"first","17":"instock","18":"shipping-taxable","19":"purchasable","20":"product-type-simple"},"_links":{"self":[{"href":"https:\/\/www.lojameraki.pt\/novo\/wp-json\/wp\/v2\/product\/5950","targetHints":{"allow":["GET"]}}],"collection":[{"href":"https:\/\/www.lojameraki.pt\/novo\/wp-json\/wp\/v2\/product"}],"about":[{"href":"https:\/\/www.lojameraki.pt\/novo\/wp-json\/wp\/v2\/types\/product"}],"wp:featuredmedia":[{"embeddable":true,"href":"https:\/\/www.lojameraki.pt\/novo\/wp-json\/wp\/v2\/media\/7657"}],"wp:attachment":[{"href":"https:\/\/www.lojameraki.pt\/novo\/wp-json\/wp\/v2\/media?parent=5950"}],"wp:term":[{"taxonomy":"product_brand","embeddable":true,"href":"https:\/\/www.lojameraki.pt\/novo\/wp-json\/wp\/v2\/product_brand?post=5950"},{"taxonomy":"product_cat","embeddable":true,"href":"https:\/\/www.lojameraki.pt\/novo\/wp-json\/wp\/v2\/product_cat?post=5950"},{"taxonomy":"product_tag","embeddable":true,"href":"https:\/\/www.lojameraki.pt\/novo\/wp-json\/wp\/v2\/product_tag?post=5950"}],"curies":[{"name":"wp","href":"https:\/\/api.w.org\/{rel}","templated":true}]}}