{"id":6080,"date":"2022-09-12T11:11:42","date_gmt":"2022-09-12T11:11:42","guid":{"rendered":"https:\/\/www.lojameraki.pt\/novo\/?post_type=product&#038;p=6080"},"modified":"2025-10-30T12:40:17","modified_gmt":"2025-10-30T12:40:17","slug":"real-merino-07","status":"publish","type":"product","link":"https:\/\/www.lojameraki.pt\/novo\/product\/real-merino-07\/","title":{"rendered":"Real Merino 07"},"content":{"rendered":"<p>Real Merino 07<\/p>\n<p>Composi\u00e7\u00e3o: 100% l\u00e3\u00a0 merino superwash<\/p>\n<p>Peso: 100 gramas<\/p>\n<p>Comprimento: 290 metros | DK<\/p>\n<p>Agulhas: 3,5 &#8211; 4 mm<\/p>\n<p>Amostra: 22\u00a0 malhas por 31 carreiras\u00a0 \u00a0(10 cm)<\/p>\n<p>lav\u00e1vel \u00e0 m\u00e1quina<\/p>\n","protected":false},"excerpt":{"rendered":"<p>Real Merino 07 Composi\u00e7\u00e3o: 100% l\u00e3\u00a0 merino superwash Peso: 100 gramas Comprimento: 290 metros | DK Agulhas: 3,5 &#8211; 4 mm Amostra: 22\u00a0 malhas por 31 carreiras\u00a0 \u00a0(10 cm) lav\u00e1vel \u00e0 m\u00e1quina<\/p>\n","protected":false},"featured_media":6060,"template":"","meta":{"_et_pb_use_builder":"","_et_pb_old_content":"","_et_gb_content_width":""},"product_brand":[],"product_cat":[88,23,20,71,21,393,95],"product_tag":[],"class_list":{"0":"post-6080","1":"product","2":"type-product","3":"status-publish","4":"has-post-thumbnail","6":"product_cat-dk","7":"product_cat-espessura","8":"product_cat-fios","9":"product_cat-la-merino","10":"product_cat-marcas","11":"product_cat-real-merino","12":"product_cat-rosarios-4-marcas","14":"first","15":"instock","16":"shipping-taxable","17":"purchasable","18":"product-type-simple"},"_links":{"self":[{"href":"https:\/\/www.lojameraki.pt\/novo\/wp-json\/wp\/v2\/product\/6080","targetHints":{"allow":["GET"]}}],"collection":[{"href":"https:\/\/www.lojameraki.pt\/novo\/wp-json\/wp\/v2\/product"}],"about":[{"href":"https:\/\/www.lojameraki.pt\/novo\/wp-json\/wp\/v2\/types\/product"}],"wp:featuredmedia":[{"embeddable":true,"href":"https:\/\/www.lojameraki.pt\/novo\/wp-json\/wp\/v2\/media\/6060"}],"wp:attachment":[{"href":"https:\/\/www.lojameraki.pt\/novo\/wp-json\/wp\/v2\/media?parent=6080"}],"wp:term":[{"taxonomy":"product_brand","embeddable":true,"href":"https:\/\/www.lojameraki.pt\/novo\/wp-json\/wp\/v2\/product_brand?post=6080"},{"taxonomy":"product_cat","embeddable":true,"href":"https:\/\/www.lojameraki.pt\/novo\/wp-json\/wp\/v2\/product_cat?post=6080"},{"taxonomy":"product_tag","embeddable":true,"href":"https:\/\/www.lojameraki.pt\/novo\/wp-json\/wp\/v2\/product_tag?post=6080"}],"curies":[{"name":"wp","href":"https:\/\/api.w.org\/{rel}","templated":true}]}}