{"id":6097,"date":"2022-09-12T11:37:26","date_gmt":"2022-09-12T11:37:26","guid":{"rendered":"https:\/\/www.lojameraki.pt\/novo\/?post_type=product&#038;p=6097"},"modified":"2025-12-30T10:55:39","modified_gmt":"2025-12-30T10:55:39","slug":"iaque-05","status":"publish","type":"product","link":"https:\/\/www.lojameraki.pt\/novo\/product\/iaque-05\/","title":{"rendered":"Iaque 05"},"content":{"rendered":"<p>Iaque 05<\/p>\n<p>Composi\u00e7\u00e3o: 89% l\u00e3 org\u00e2nica; 11% l\u00e3 iaque<\/p>\n<p>Peso: 50 gramas<\/p>\n<p>Comprimento: 200 metros | Sport<\/p>\n<p>Agulhas: 3 &#8211; 4 mm<\/p>\n<p>Amostra: 23\u00a0 malhas por 34 carreiras\u00a0 \u00a0(10 cm)<\/p>\n<p>lav\u00e1vel \u00e0 m\u00e3o<\/p>\n","protected":false},"excerpt":{"rendered":"<p>Iaque 05 Composi\u00e7\u00e3o: 89% l\u00e3 org\u00e2nica; 11% l\u00e3 iaque Peso: 50 gramas Comprimento: 200 metros | Sport Agulhas: 3 &#8211; 4 mm Amostra: 23\u00a0 malhas por 34 carreiras\u00a0 \u00a0(10 cm) lav\u00e1vel \u00e0 m\u00e3o<\/p>\n","protected":false},"featured_media":6090,"template":"","meta":{"_et_pb_use_builder":"","_et_pb_old_content":"","_et_gb_content_width":""},"product_brand":[],"product_cat":[23,20,220,394,70,21,95,110],"product_tag":[],"class_list":{"0":"post-6097","1":"product","2":"type-product","3":"status-publish","4":"has-post-thumbnail","6":"product_cat-espessura","7":"product_cat-fios","8":"product_cat-iaque","9":"product_cat-iaque-rosarios-4-marcas","10":"product_cat-la","11":"product_cat-marcas","12":"product_cat-rosarios-4-marcas","13":"product_cat-sport","15":"first","16":"instock","17":"shipping-taxable","18":"purchasable","19":"product-type-simple"},"_links":{"self":[{"href":"https:\/\/www.lojameraki.pt\/novo\/wp-json\/wp\/v2\/product\/6097","targetHints":{"allow":["GET"]}}],"collection":[{"href":"https:\/\/www.lojameraki.pt\/novo\/wp-json\/wp\/v2\/product"}],"about":[{"href":"https:\/\/www.lojameraki.pt\/novo\/wp-json\/wp\/v2\/types\/product"}],"wp:featuredmedia":[{"embeddable":true,"href":"https:\/\/www.lojameraki.pt\/novo\/wp-json\/wp\/v2\/media\/6090"}],"wp:attachment":[{"href":"https:\/\/www.lojameraki.pt\/novo\/wp-json\/wp\/v2\/media?parent=6097"}],"wp:term":[{"taxonomy":"product_brand","embeddable":true,"href":"https:\/\/www.lojameraki.pt\/novo\/wp-json\/wp\/v2\/product_brand?post=6097"},{"taxonomy":"product_cat","embeddable":true,"href":"https:\/\/www.lojameraki.pt\/novo\/wp-json\/wp\/v2\/product_cat?post=6097"},{"taxonomy":"product_tag","embeddable":true,"href":"https:\/\/www.lojameraki.pt\/novo\/wp-json\/wp\/v2\/product_tag?post=6097"}],"curies":[{"name":"wp","href":"https:\/\/api.w.org\/{rel}","templated":true}]}}